{"id":870,"date":"2021-03-04T11:41:53","date_gmt":"2021-03-04T11:41:53","guid":{"rendered":"https:\/\/themetechmount.com\/wordpress\/fablio\/?page_id=870"},"modified":"2024-09-11T11:14:34","modified_gmt":"2024-09-11T08:14:34","slug":"iletisim","status":"publish","type":"page","link":"https:\/\/www.tkstekstil.com\/pt\/iletisim\/","title":{"rendered":"CONTATO"},"content":{"rendered":"<div data-vc-full-width=\"true\" data-vc-full-width-init=\"false\" class=\"tm-row wpb_row vc_row-fluid vc_custom_1616504718821 tm-responsive-custom-11023922 vc_column-gap-default tm-zindex-0 tm-bgimage-position-center_center\">\n\n\t\t\n\t <div class=\"vc_row container vc_column-gap-default\"> \t\n\t\t\n\n<div class=\"wpb_column tm-column vc_column_container vc_col-sm-12 tm-overlap-row tm-colum-shadow-box tm-zindex-0\">\n\t<div class=\"vc_column-inner vc_custom_1616580667165 tm-col-bgcolor-white tm-col-bgcolor-yes tm-responsive-custom-12408977\">\n\t\t<div class=\"tm-col-wrapper-bg-layer tm-bg-layer tm-bgimage-position-center_center\"><div class=\"tm-bg-layer-inner\"><\/div><\/div>\t\t<div class=\"wpb_wrapper\">\n\t\t\t<div class=\"tm-element-heading-wrapper tm-heading-inner tm-element-align-center tm-seperator-none tm-heading-style-vertical\"><section class=\"tm-vc_cta3-container\"><div class=\"tm-vc_general tm-vc_cta3 tm-cta3-only tm-vc_cta3-style-classic tm-vc_cta3-shape-rounded tm-vc_cta3-align-center tm-vc_cta3-color-transparent tm-vc_cta3-icon-size-md tm-vc_cta3-actions-no tm-cta3-without-desc\"><div class=\"tm-vc_cta3_content-container\"><div class=\"tm-vc_cta3-content\"><header class=\"tm-vc_cta3-content-header tm-wrap\"><div class=\"tm-vc_cta3-headers tm-wrap-cell\"><h2 class=\"tm-custom-heading\" >CONTATO <b>Formu<\/b><\/h2>\n<\/div><div class=\"heading-seperator\"><span><\/span><\/div><\/header><\/div><\/div><\/div><\/section><\/div> <!-- .tm-element-heading-wrapper container --> <div role=\"form\" class=\"wpcf7\" id=\"wpcf7-f873-o1\" lang=\"en-US\" dir=\"ltr\">\n<div class=\"screen-reader-response\"><p role=\"status\" aria-live=\"polite\" aria-atomic=\"true\"><\/p> <ul><\/ul><\/div>\n<form action=\"\/pt\/wp-json\/wp\/v2\/pages\/870#wpcf7-f873-o1\" method=\"post\" class=\"wpcf7-form init\" novalidate=\"novalidate\" data-status=\"init\" data-trp-original-action=\"\/pt\/wp-json\/wp\/v2\/pages\/870#wpcf7-f873-o1\">\n<div style=\"display: none;\">\n<input type=\"hidden\" name=\"_wpcf7\" value=\"873\" \/>\n<input type=\"hidden\" name=\"_wpcf7_version\" value=\"5.4.1\" \/>\n<input type=\"hidden\" name=\"_wpcf7_locale\" value=\"en_US\" \/>\n<input type=\"hidden\" name=\"_wpcf7_unit_tag\" value=\"wpcf7-f873-o1\" \/>\n<input type=\"hidden\" name=\"_wpcf7_container_post\" value=\"0\" \/>\n<input type=\"hidden\" name=\"_wpcf7_posted_data_hash\" value=\"\" \/>\n<\/div>\n<div class=\"cmt-commonform cmt-contact-fablio\">\n<div class=\"row\">\n<div class=\"col-md-4\"><span class=\"wpcf7-form-control-wrap your-name\"><input type=\"text\" name=\"your-name\" value=\"\" size=\"40\" class=\"wpcf7-form-control wpcf7-text wpcf7-validates-as-required\" aria-required=\"true\" aria-invalid=\"false\" placeholder=\"Nome e Sobrenome*\" \/><\/span><\/div>\n<div class=\"col-md-4\"><span class=\"wpcf7-form-control-wrap your-email\"><input type=\"email\" name=\"your-email\" value=\"\" size=\"40\" class=\"wpcf7-form-control wpcf7-text wpcf7-email wpcf7-validates-as-required wpcf7-validates-as-email\" aria-required=\"true\" aria-invalid=\"false\" placeholder=\"Email*\" \/><\/span><\/div>\n<div class=\"col-md-4\"><span class=\"wpcf7-form-control-wrap your-phone\"><input type=\"text\" name=\"your-phone\" value=\"\" size=\"40\" class=\"wpcf7-form-control wpcf7-text wpcf7-validates-as-required\" aria-required=\"true\" aria-invalid=\"false\" placeholder=\"N\u00famero de Telefone*\" \/><\/span><\/div>\n<\/div>\n<div class=\"row\">\n<div class=\"col-md-6\"><span class=\"wpcf7-form-control-wrap your-cname\"><input type=\"text\" name=\"your-cname\" value=\"\" size=\"40\" class=\"wpcf7-form-control wpcf7-text wpcf7-validates-as-required\" aria-required=\"true\" aria-invalid=\"false\" placeholder=\"Empresa\" \/><\/span><\/div>\n<div class=\"col-md-6\"><span class=\"wpcf7-form-control-wrap your-subject\"><input type=\"text\" name=\"your-subject\" value=\"\" size=\"40\" class=\"wpcf7-form-control wpcf7-text wpcf7-validates-as-required\" aria-required=\"true\" aria-invalid=\"false\" placeholder=\"Assunto\" \/><\/span><\/div>\n<\/div>\n<div class=\"row\">\n<div class=\"col-md-12\"><span class=\"wpcf7-form-control-wrap your-detail\"><textarea name=\"your-detail\" cols=\"20\" rows=\"5\" class=\"wpcf7-form-control wpcf7-textarea wpcf7-validates-as-required\" aria-required=\"true\" aria-invalid=\"false\" placeholder=\"Mensagem\"><\/textarea><\/span><\/div>\n<\/div>\n<div class=\"row\">\n<div class=\"col-md-12 cmt-frm-btn tm-center-text\"><input type=\"submit\" value=\"Enviar\" class=\"wpcf7-form-control wpcf7-submit tm-vc_btn3 tm-vc_general tm-vc_btn3-shape-square tm-vc_btn3-color-skincolor\" \/>\n<div class=\"wpcf7-response-output\" aria-hidden=\"true\"><\/div>\n<\/div>\n<\/div>\n<\/div>\n<input type=\"hidden\" name=\"trp-form-language\" value=\"pt\"\/><\/form><\/div>\t\t<\/div>\n\t<\/div>\n<\/div>\n\n\n\n\t\t\n\t <\/div> <\/div>\n\n\n<div class=\"vc_row-full-width vc_clearfix\"><\/div>\n\n\n\n\n\n\n\n\n<div data-vc-full-width=\"true\" data-vc-full-width-init=\"false\" class=\"tm-row wpb_row vc_row-fluid vc_custom_1616563183367 tm-responsive-custom-24827320 vc_column-gap-default break-991-colum tm-zindex-0 tm-bgimage-position-center_center\">\n\n\t\t\n\t <div class=\"vc_row container vc_column-gap-default vc_row-o-equal-height vc_row-flex\"> \t\n\t\t\n\n<div class=\"wpb_column tm-column vc_column_container vc_col-sm-5 tm-zindex-0\">\n\t<div class=\"vc_column-inner\">\n\t\t\t\t<div class=\"wpb_wrapper\">\n\t\t\t<div class=\"wpb_gmaps_widget wpb_content_element vc_custom_1639743591131\"><div class=\"wpb_wrapper\"><div class=\"wpb_map_wraper\"><iframe src=\"https:\/\/www.google.com\/maps\/embed?pb=!1m18!1m12!1m3!1d3044.567331812328!2d29.07189511475702!3d40.263145972890946!2m3!1f0!2f0!3f0!3m2!1i1024!2i768!4f13.1!3m3!1m2!1s0x14ca3fa34e56e34b%3A0xa243486bd6b4fd78!2sTKS%20Teknik%20Tekstil!5e0!3m2!1str!2str!4v1639743552916!5m2!1str!2str\" width=\"600\" height=\"450\" style=\"border:0;\" allowfullscreen=\"\" loading=\"lazy\"><\/iframe><\/div><\/div><\/div>\t\t<\/div>\n\t<\/div>\n<\/div>\n\n\n\n\n\n<div class=\"wpb_column tm-column vc_column_container vc_col-sm-7 tm-zindex-0 margin-15px-991-colum\">\n\t<div class=\"vc_column-inner vc_custom_1616562471682 tm-responsive-custom-64263477\">\n\t\t\t\t<div class=\"wpb_wrapper\">\n\t\t\t<div class=\"tm-element-heading-wrapper tm-heading-inner tm-element-align-left tm-seperator-none tm-heading-style-vertical\"><section class=\"tm-vc_cta3-container\"><div class=\"tm-vc_general tm-vc_cta3 tm-cta3-only tm-vc_cta3-style-classic tm-vc_cta3-shape-rounded tm-vc_cta3-align-left tm-vc_cta3-color-transparent tm-vc_cta3-icon-size-md tm-vc_cta3-actions-no tm-cta3-without-desc\"><div class=\"tm-vc_cta3_content-container\"><div class=\"tm-vc_cta3-content\"><header class=\"tm-vc_cta3-content-header tm-wrap\"><div class=\"tm-vc_cta3-headers tm-wrap-cell\"><h4 class=\"tm-custom-heading\" >DADOS DE CONTATO<\/h4>\n<h2 class=\"tm-custom-heading\" >F\u00e1brica de Colagem T.K.S. T\u00eaxtil<\/h2>\n<\/div><div class=\"heading-seperator\"><span><\/span><\/div><\/header><\/div><\/div><\/div><\/section><\/div> <!-- .tm-element-heading-wrapper container --> <div class=\"vc_separator wpb_content_element vc_separator_align_center vc_sep_width_100 vc_sep_pos_align_center vc_separator_no_text vc_custom_1616505784779  vc_custom_1616505784779\" ><span class=\"vc_sep_holder vc_sep_holder_l\"><span  style=\"border-color:#f3f3f3;\" class=\"vc_sep_line\"><\/span><\/span><span class=\"vc_sep_holder vc_sep_holder_r\"><span  style=\"border-color:#f3f3f3;\" class=\"vc_sep_line\"><\/span><\/span>\n<\/div>\n<div class=\"tm-row-inner vc_row wpb_row vc_inner vc_row-fluid vc_custom_1616153273217 tm-zindex-0\">\n\t\n<div class=\"wpb_column tm-column-inner vc_column_container vc_col-sm-6 tm-zindex-0\">\n\t<div class=\"vc_column-inner\">\n\t\t \n\t\t<div class=\"wpb_wrapper\">\n\t\t\t<div class=\"themetechmount-iconbox themetechmount-iconbox-stylenine\">\n\t<div class=\"themetechmount-iconbox-inner tm-boxicon-small tm-iconstyle-rounded\">\n\t\t<div class=\"tm-iconbox-wrapper tm-wrap\">\n\t\t\t<div class=\"themetechmount-iconbox-icon tm-wrap-cell\">\n\t\t\t\t<div class=\"tm-box-icon\"><i class=\"themifyicon ti-location-pin\"><\/i><\/div>\t\n\t\t\t<\/div>\n\t\t\t<div class=\"themetechmount-iconbox-heading tm-wrap-cell\">\n\t\t\t\t<div class=\"tm-vc_general tm-vc_cta3 tm-cta3-only tm-vc_cta3-style-classic tm-vc_cta3-shape-rounded tm-vc_cta3-align-left tm-vc_cta3-color-transparent tm-vc_cta3-icon-size-md tm-vc_cta3-actions-no tm-cta3-without-desc\"><div class=\"tm-vc_cta3_content-container\"><div class=\"tm-vc_cta3-content\"><div class=\"tm-vc_cta3-headers tm-wrap-cell\"><h2 class=\"tm-custom-heading\">Endere\u00e7o<\/h2>\n<\/div><div class=\"heading-seperator\"><span><\/span><\/div><\/div><\/div><\/div>\t\t\t\t\t<div class=\"tm-iconbox-boxcontent\">\t\t\t\n\t\t\t\t\t<div class=\"tm-cta3-content-wrapper\">DOSAB Dumlup\u0131nar O.S.B., Rua Firuze, No:2 Osmangazi\/Bursa<\/div>\t\t\t\t\t<\/div>\n\t\t\t<\/div>\t\n\t\t<\/div>\n\t<\/div>\t\n<\/div>\n\t\t<\/div>\n\t<\/div>\n<\/div>\n\n\n<div class=\"wpb_column tm-column-inner vc_column_container vc_col-sm-6 tm-zindex-0\">\n\t<div class=\"vc_column-inner\">\n\t\t \n\t\t<div class=\"wpb_wrapper\">\n\t\t\t<div class=\"themetechmount-iconbox themetechmount-iconbox-stylenine\">\n\t<div class=\"themetechmount-iconbox-inner tm-boxicon-small tm-iconstyle-rounded\">\n\t\t<div class=\"tm-iconbox-wrapper tm-wrap\">\n\t\t\t<div class=\"themetechmount-iconbox-icon tm-wrap-cell\">\n\t\t\t\t<div class=\"tm-box-icon\"><i class=\"themifyicon ti-email\"><\/i><\/div>\t\n\t\t\t<\/div>\n\t\t\t<div class=\"themetechmount-iconbox-heading tm-wrap-cell\">\n\t\t\t\t<div class=\"tm-vc_general tm-vc_cta3 tm-cta3-only tm-vc_cta3-style-classic tm-vc_cta3-shape-rounded tm-vc_cta3-align-left tm-vc_cta3-color-transparent tm-vc_cta3-icon-size-md tm-vc_cta3-actions-no tm-cta3-without-desc\"><div class=\"tm-vc_cta3_content-container\"><div class=\"tm-vc_cta3-content\"><div class=\"tm-vc_cta3-headers tm-wrap-cell\"><h2 class=\"tm-custom-heading\">Telefone \/ Correio Eletr\u00f4nico<\/h2>\n<\/div><div class=\"heading-seperator\"><span><\/span><\/div><\/div><\/div><\/div>\t\t\t\t\t<div class=\"tm-iconbox-boxcontent\">\t\t\t\n\t\t\t\t\t<div class=\"tm-cta3-content-wrapper\">+90 0224-215-28-37<br \/>\ninfo@tkstekstil.com<\/div>\t\t\t\t\t<\/div>\n\t\t\t<\/div>\t\n\t\t<\/div>\n\t<\/div>\t\n<\/div>\n\t\t<\/div>\n\t<\/div>\n<\/div>\n\n<\/div>\n\n<div class=\"vc_separator wpb_content_element vc_separator_align_center vc_sep_width_100 vc_sep_pos_align_center vc_separator_no_text vc_custom_1616505791427  vc_custom_1616505791427\" ><span class=\"vc_sep_holder vc_sep_holder_l\"><span  style=\"border-color:#f3f3f3;\" class=\"vc_sep_line\"><\/span><\/span><span class=\"vc_sep_holder vc_sep_holder_r\"><span  style=\"border-color:#f3f3f3;\" class=\"vc_sep_line\"><\/span><\/span>\n<\/div>\t\t<\/div>\n\t<\/div>\n<\/div>\n\n\n\n\t\t\n\t <\/div> <\/div>\n\n\n<div class=\"vc_row-full-width vc_clearfix\"><\/div>\n\n\n\n\n\n\n\n\n<div data-vc-full-width=\"true\" data-vc-full-width-init=\"false\" class=\"tm-row wpb_row vc_row-fluid vc_custom_1616153564068 vc_column-gap-default tm-zindex-0 tm-bgcolor-grey tm-bgimage-position-center_center\">\n\n\t\t\n\t <div class=\"vc_row container vc_column-gap-default\"> \t\n\t\t\n\n<div class=\"wpb_column tm-column vc_column_container vc_col-sm-12 tm-zindex-0\">\n\t<div class=\"vc_column-inner\">\n\t\t\t\t<div class=\"wpb_wrapper\">\n\t\t\t\t\t<\/div>\n\t<\/div>\n<\/div>\n\n\n\n\t\t\n\t <\/div> <\/div>\n\n\n<div class=\"vc_row-full-width vc_clearfix\"><\/div>","protected":false},"excerpt":{"rendered":"\u0130leti\u015fim Formu \u0130leti\u015fim Bilgileri T.K.S. Tekstil Ha\u015f\u0131l Tesisi Adres DOSAB Dumlup\u0131nar O.S.B. Firuze Sk. No:2 Osmangazi\/Bursa Telefon \/ Email +90 0224-215-28-37 info@tkstekstil.com","protected":false},"author":1,"featured_media":0,"parent":0,"menu_order":0,"comment_status":"closed","ping_status":"closed","template":"","meta":[],"yoast_head":"<!-- This site is optimized with the Yoast SEO plugin v16.4 - https:\/\/yoast.com\/wordpress\/plugins\/seo\/ -->\n<title>\u0130leti\u015fim - Tks<\/title>\n<meta name=\"description\" content=\"Teknik Kuma\u015f Sanayi\" \/>\n<meta name=\"robots\" content=\"index, follow, max-snippet:-1, max-image-preview:large, max-video-preview:-1\" \/>\n<link rel=\"canonical\" href=\"https:\/\/www.tkstekstil.com\/pt\/iletisim\/\" \/>\n<meta property=\"og:locale\" content=\"pt_PT\" \/>\n<meta property=\"og:type\" content=\"article\" \/>\n<meta property=\"og:title\" content=\"\u0130leti\u015fim - Tks\" \/>\n<meta property=\"og:description\" content=\"Teknik Kuma\u015f Sanayi\" \/>\n<meta property=\"og:url\" content=\"https:\/\/www.tkstekstil.com\/pt\/iletisim\/\" \/>\n<meta property=\"og:site_name\" content=\"Tks\" \/>\n<meta property=\"article:modified_time\" content=\"2024-09-11T08:14:34+00:00\" \/>\n<meta name=\"twitter:card\" content=\"summary_large_image\" \/>\n<meta name=\"twitter:label1\" content=\"Tempo estimado de leitura\" \/>\n\t<meta name=\"twitter:data1\" content=\"1 minuto\" \/>\n<script type=\"application\/ld+json\" class=\"yoast-schema-graph\">{\"@context\":\"https:\/\/schema.org\",\"@graph\":[{\"@type\":\"WebSite\",\"@id\":\"https:\/\/www.tkstekstil.com\/#website\",\"url\":\"https:\/\/www.tkstekstil.com\/\",\"name\":\"Tks\",\"description\":\"Teknik Kuma\\u015f Sanayi\",\"potentialAction\":[{\"@type\":\"SearchAction\",\"target\":\"https:\/\/www.tkstekstil.com\/?s={search_term_string}\",\"query-input\":\"required name=search_term_string\"}],\"inLanguage\":\"pt-PT\"},{\"@type\":\"WebPage\",\"@id\":\"https:\/\/www.tkstekstil.com\/iletisim\/#webpage\",\"url\":\"https:\/\/www.tkstekstil.com\/iletisim\/\",\"name\":\"\\u0130leti\\u015fim - Tks\",\"isPartOf\":{\"@id\":\"https:\/\/www.tkstekstil.com\/#website\"},\"datePublished\":\"2021-03-04T11:41:53+00:00\",\"dateModified\":\"2024-09-11T08:14:34+00:00\",\"description\":\"Teknik Kuma\\u015f Sanayi\",\"breadcrumb\":{\"@id\":\"https:\/\/www.tkstekstil.com\/iletisim\/#breadcrumb\"},\"inLanguage\":\"pt-PT\",\"potentialAction\":[{\"@type\":\"ReadAction\",\"target\":[\"https:\/\/www.tkstekstil.com\/iletisim\/\"]}]},{\"@type\":\"BreadcrumbList\",\"@id\":\"https:\/\/www.tkstekstil.com\/iletisim\/#breadcrumb\",\"itemListElement\":[{\"@type\":\"ListItem\",\"position\":1,\"item\":{\"@type\":\"WebPage\",\"@id\":\"https:\/\/www.tkstekstil.com\/\",\"url\":\"https:\/\/www.tkstekstil.com\/\",\"name\":\"Anasayfa\"}},{\"@type\":\"ListItem\",\"position\":2,\"item\":{\"@id\":\"https:\/\/www.tkstekstil.com\/iletisim\/#webpage\"}}]}]}<\/script>\n<!-- \/ Yoast SEO plugin. -->","_links":{"self":[{"href":"https:\/\/www.tkstekstil.com\/pt\/wp-json\/wp\/v2\/pages\/870"}],"collection":[{"href":"https:\/\/www.tkstekstil.com\/pt\/wp-json\/wp\/v2\/pages"}],"about":[{"href":"https:\/\/www.tkstekstil.com\/pt\/wp-json\/wp\/v2\/types\/page"}],"author":[{"embeddable":true,"href":"https:\/\/www.tkstekstil.com\/pt\/wp-json\/wp\/v2\/users\/1"}],"replies":[{"embeddable":true,"href":"https:\/\/www.tkstekstil.com\/pt\/wp-json\/wp\/v2\/comments?post=870"}],"version-history":[{"count":18,"href":"https:\/\/www.tkstekstil.com\/pt\/wp-json\/wp\/v2\/pages\/870\/revisions"}],"predecessor-version":[{"id":3848,"href":"https:\/\/www.tkstekstil.com\/pt\/wp-json\/wp\/v2\/pages\/870\/revisions\/3848"}],"wp:attachment":[{"href":"https:\/\/www.tkstekstil.com\/pt\/wp-json\/wp\/v2\/media?parent=870"}],"curies":[{"name":"wp","href":"https:\/\/api.w.org\/{rel}","templated":true}]}}