{"id":740,"date":"2021-03-03T08:44:36","date_gmt":"2021-03-03T08:44:36","guid":{"rendered":"https:\/\/themetechmount.com\/wordpress\/fablio\/?page_id=740"},"modified":"2021-11-01T12:06:54","modified_gmt":"2021-11-01T09:06:54","slug":"dokuma","status":"publish","type":"page","link":"https:\/\/www.tkstekstil.com\/fr\/dokuma\/","title":{"rendered":"Tissage"},"content":{"rendered":"<div class=\"tm-row wpb_row vc_row-fluid vc_column-gap-default tm-zindex-0 vc_row container tm-bgimage-position-center_center\">\n\n\t\t\n\t <div class=\"vc_column-gap-default\"> \t\n\t\t\n\n<div class=\"wpb_column tm-column vc_column_container vc_col-sm-12 tm-zindex-0\">\n\t<div class=\"vc_column-inner\">\n\t\t\t\t<div class=\"wpb_wrapper\">\n\t\t\t\n\t<div  class=\"wpb_single_image wpb_content_element vc_align_center\">\n\t\t\n\t\t<figure class=\"wpb_wrapper vc_figure\">\n\t\t\t<div class=\"vc_single_image-wrapper   vc_box_border_grey\"><img class=\"vc_single_image-img\" src=\"https:\/\/www.tkstekstil.com\/wp-content\/uploads\/2021\/11\/canbil_bilgi_sistem_teknolojileri_3-1080x450.jpg\" width=\"1080\" height=\"450\" alt=\"network\" title=\"network\" \/><\/div>\n\t\t<\/figure>\n\t<\/div>\n\t\t<\/div>\n\t<\/div>\n<\/div>\n\n\n\n\t\t\n\t <\/div> <\/div>\n\n\n\n\n\n\n\n\n\n\n\n<div class=\"tm-row wpb_row vc_row-fluid vc_column-gap-default tm-zindex-0 vc_row container tm-bgimage-position-center_center\">\n\n\t\t\n\t <div class=\"vc_column-gap-default\"> \t\n\t\t\n\n<div class=\"wpb_column tm-column vc_column_container vc_col-sm-12 tm-zindex-0\">\n\t<div class=\"vc_column-inner\">\n\t\t\t\t<div class=\"wpb_wrapper\">\n\t\t\t<div class=\"tm-element-heading-wrapper tm-heading-inner tm-element-align-left tm-seperator-solid tm-heading-style-vertical\"><section class=\"tm-vc_cta3-container\"><div class=\"tm-vc_general tm-vc_cta3 tm-cta3-only tm-vc_cta3-style-classic tm-vc_cta3-shape-rounded tm-vc_cta3-align-left tm-vc_cta3-color-transparent tm-vc_cta3-icon-size-md tm-vc_cta3-actions-no tm-cta3-with-desc\"><div class=\"tm-vc_cta3_content-container\"><div class=\"tm-vc_cta3-content\"><header class=\"tm-vc_cta3-content-header tm-wrap\"><div class=\"tm-vc_cta3-headers tm-wrap-cell\"><h2 class=\"tm-custom-heading\" >Syst\u00e8mes d'information<\/h2>\n<\/div><div class=\"heading-seperator\"><span><\/span><\/div><\/header><div class=\"tm-cta3-content-wrapper\"><p>Toutes les op\u00e9rations, de l'entr\u00e9e des mati\u00e8res premi\u00e8res \u00e0 la livraison des produits, sont enregistr\u00e9es et rapport\u00e9es selon le principe de tra\u00e7abilit\u00e9 en utilisant les technologies de l'information, et l'efficacit\u00e9 de la production est assur\u00e9e.<\/p>\n<p>L'efficacit\u00e9 de la production et la satisfaction du client sont maintenues au plus haut niveau en surveillant nos machines et \u00e9quipements de production avec des technologies d'identification automatique et de collecte de donn\u00e9es. Il est garanti que les ressources existantes sont utilis\u00e9es de la meilleure fa\u00e7on, pour \u00e9viter la perte de valeurs telles que le temps et la main-d'\u0153uvre, et pour \u00e9valuer, surveiller et signaler les facteurs environnementaux affectant la production \u00e0 partir de la consommation d'\u00e9nergie. Trouver le point o\u00f9 la production est la plus efficace avec la mesure des performances et le syst\u00e8me de gestion de la qualit\u00e9 est le plus pr\u00e9cieux de nos principes commerciaux.<\/p><\/div><\/div><\/div><\/div><\/section><\/div> <!-- .tm-element-heading-wrapper container --> \n<div class=\"tm-row-inner vc_row wpb_row vc_inner vc_row-fluid tm-zindex-0\">\n\t\n<div class=\"wpb_column tm-column-inner vc_column_container vc_col-sm-4 tm-zindex-0\">\n\t<div class=\"vc_column-inner\">\n\t\t \n\t\t<div class=\"wpb_wrapper\">\n\t\t\t\t\t<\/div>\n\t<\/div>\n<\/div>\n\n\n<div class=\"wpb_column tm-column-inner vc_column_container vc_col-sm-4 tm-zindex-0\">\n\t<div class=\"vc_column-inner\">\n\t\t \n\t\t<div class=\"wpb_wrapper\">\n\t\t\t<ul class=\"tm-list tm-list-style-icon tm-list-icon-color-skincolor tm-blue tm-icon-skincolor tm-list-textsize-medium tm-list-icon-library-fontawesome\"><li><i class=\"tm-skincolor fa fa-caret-right\"><\/i>  <span class=\"tm-list-li-content\">Fabrication assist\u00e9e par ordinateur<\/span><\/li><li><i class=\"tm-skincolor fa fa-caret-right\"><\/i>  <span class=\"tm-list-li-content\">Ing\u00e9nierie Assist\u00e9e par Ordinateur<\/span><\/li><li><i class=\"tm-skincolor fa fa-caret-right\"><\/i>  <span class=\"tm-list-li-content\">Contr\u00f4le des machines<\/span><\/li><li><i class=\"tm-skincolor fa fa-caret-right\"><\/i>  <span class=\"tm-list-li-content\">Technologies IOT<\/span><\/li><li><i class=\"tm-skincolor fa fa-caret-right\"><\/i>  <span class=\"tm-list-li-content\">Tra\u00e7abilit\u00e9 des facteurs environnementaux<\/span><\/li><li><i class=\"tm-skincolor fa fa-caret-right\"><\/i>  <span class=\"tm-list-li-content\">Contr\u00f4les de processus<\/span><\/li><li><i class=\"tm-skincolor fa fa-caret-right\"><\/i>  <span class=\"tm-list-li-content\">Suivi de la productivit\u00e9<\/span><\/li><li><i class=\"tm-skincolor fa fa-caret-right\"><\/i>  <span class=\"tm-list-li-content\">Gestion des performances<\/span><\/li><li><i class=\"tm-skincolor fa fa-caret-right\"><\/i>  <span class=\"tm-list-li-content\">Optimisation<\/span><\/li><\/ul>\t\t<\/div>\n\t<\/div>\n<\/div>\n\n\n<div class=\"wpb_column tm-column-inner vc_column_container vc_col-sm-4 tm-zindex-0\">\n\t<div class=\"vc_column-inner\">\n\t\t \n\t\t<div class=\"wpb_wrapper\">\n\t\t\t\t\t<\/div>\n\t<\/div>\n<\/div>\n\n<\/div>\n\n\t\t<\/div>\n\t<\/div>\n<\/div>\n\n\n\n\t\t\n\t <\/div> <\/div>","protected":false},"excerpt":{"rendered":"Bilgi Sistemleri Hammadde giri\u015finden \u00fcr\u00fcn teslim s\u00fcrecine kadar olan t\u00fcm operasyonlarda bilgi teknolojileri kullan\u0131larak izlenebilirlik ilkesi do\u011frultusunda kay\u0131t alt\u0131na al\u0131nmakta, raporlanmakta ve \u00fcretimin verimlili\u011fi sa\u011flanmaktad\u0131r. Otomatik tan\u0131mlama ve veri toplama teknolojileri ile \u00fcretim makinalar\u0131m\u0131z ve ekipmanlar\u0131m\u0131z\u0131n izlenerek \u00fcretim verimlili\u011fi ve m\u00fc\u015fteri memnuniyeti en \u00fcst d\u00fczeyde tutulmaktad\u0131r. Mevcut kaynaklar\u0131n en iyi \u015fekilde kullan\u0131lmas\u0131n\u0131 sa\u011flamak, zaman ve &hellip; <a href=\"https:\/\/www.tkstekstil.com\/fr\/dokuma\/\" class=\"more-link\">Continue reading <span class=\"screen-reader-text\">Tissage<\/span><\/a>","protected":false},"author":1,"featured_media":0,"parent":0,"menu_order":0,"comment_status":"closed","ping_status":"closed","template":"","meta":[],"yoast_head":"<!-- This site is optimized with the Yoast SEO plugin v16.4 - https:\/\/yoast.com\/wordpress\/plugins\/seo\/ -->\n<title>Dokuma - Tks<\/title>\n<meta name=\"robots\" content=\"index, follow, max-snippet:-1, max-image-preview:large, max-video-preview:-1\" \/>\n<link rel=\"canonical\" href=\"https:\/\/www.tkstekstil.com\/fr\/dokuma\/\" \/>\n<meta property=\"og:locale\" content=\"fr_FR\" \/>\n<meta property=\"og:type\" content=\"article\" \/>\n<meta property=\"og:title\" content=\"Dokuma - Tks\" \/>\n<meta property=\"og:url\" content=\"https:\/\/www.tkstekstil.com\/fr\/dokuma\/\" \/>\n<meta property=\"og:site_name\" content=\"Tks\" \/>\n<meta property=\"article:modified_time\" content=\"2021-11-01T09:06:54+00:00\" \/>\n<meta name=\"twitter:card\" content=\"summary_large_image\" \/>\n<meta name=\"twitter:label1\" content=\"Dur\u00e9e de lecture est.\" \/>\n\t<meta name=\"twitter:data1\" content=\"1 minute\" \/>\n<script type=\"application\/ld+json\" class=\"yoast-schema-graph\">{\"@context\":\"https:\/\/schema.org\",\"@graph\":[{\"@type\":\"WebSite\",\"@id\":\"https:\/\/www.tkstekstil.com\/#website\",\"url\":\"https:\/\/www.tkstekstil.com\/\",\"name\":\"Tks\",\"description\":\"Teknik Kuma\\u015f Sanayi\",\"potentialAction\":[{\"@type\":\"SearchAction\",\"target\":\"https:\/\/www.tkstekstil.com\/?s={search_term_string}\",\"query-input\":\"required name=search_term_string\"}],\"inLanguage\":\"fr-FR\"},{\"@type\":\"WebPage\",\"@id\":\"https:\/\/www.tkstekstil.com\/dokuma\/#webpage\",\"url\":\"https:\/\/www.tkstekstil.com\/dokuma\/\",\"name\":\"Dokuma - Tks\",\"isPartOf\":{\"@id\":\"https:\/\/www.tkstekstil.com\/#website\"},\"datePublished\":\"2021-03-03T08:44:36+00:00\",\"dateModified\":\"2021-11-01T09:06:54+00:00\",\"breadcrumb\":{\"@id\":\"https:\/\/www.tkstekstil.com\/dokuma\/#breadcrumb\"},\"inLanguage\":\"fr-FR\",\"potentialAction\":[{\"@type\":\"ReadAction\",\"target\":[\"https:\/\/www.tkstekstil.com\/dokuma\/\"]}]},{\"@type\":\"BreadcrumbList\",\"@id\":\"https:\/\/www.tkstekstil.com\/dokuma\/#breadcrumb\",\"itemListElement\":[{\"@type\":\"ListItem\",\"position\":1,\"item\":{\"@type\":\"WebPage\",\"@id\":\"https:\/\/www.tkstekstil.com\/\",\"url\":\"https:\/\/www.tkstekstil.com\/\",\"name\":\"Anasayfa\"}},{\"@type\":\"ListItem\",\"position\":2,\"item\":{\"@id\":\"https:\/\/www.tkstekstil.com\/dokuma\/#webpage\"}}]}]}<\/script>\n<!-- \/ Yoast SEO plugin. -->","_links":{"self":[{"href":"https:\/\/www.tkstekstil.com\/fr\/wp-json\/wp\/v2\/pages\/740"}],"collection":[{"href":"https:\/\/www.tkstekstil.com\/fr\/wp-json\/wp\/v2\/pages"}],"about":[{"href":"https:\/\/www.tkstekstil.com\/fr\/wp-json\/wp\/v2\/types\/page"}],"author":[{"embeddable":true,"href":"https:\/\/www.tkstekstil.com\/fr\/wp-json\/wp\/v2\/users\/1"}],"replies":[{"embeddable":true,"href":"https:\/\/www.tkstekstil.com\/fr\/wp-json\/wp\/v2\/comments?post=740"}],"version-history":[{"count":16,"href":"https:\/\/www.tkstekstil.com\/fr\/wp-json\/wp\/v2\/pages\/740\/revisions"}],"predecessor-version":[{"id":2156,"href":"https:\/\/www.tkstekstil.com\/fr\/wp-json\/wp\/v2\/pages\/740\/revisions\/2156"}],"wp:attachment":[{"href":"https:\/\/www.tkstekstil.com\/fr\/wp-json\/wp\/v2\/media?parent=740"}],"curies":[{"name":"wp","href":"https:\/\/api.w.org\/{rel}","templated":true}]}}