{"id":731,"date":"2021-03-03T07:25:34","date_gmt":"2021-03-03T07:25:34","guid":{"rendered":"https:\/\/themetechmount.com\/wordpress\/fablio\/?page_id=731"},"modified":"2024-09-11T11:31:24","modified_gmt":"2024-09-11T08:31:24","slug":"hakkimizda","status":"publish","type":"page","link":"https:\/\/www.tkstekstil.com\/es\/hakkimizda\/","title":{"rendered":"SOBRE NOSOTROS"},"content":{"rendered":"<div class=\"tm-row wpb_row vc_row-fluid vc_column-gap-default tm-zindex-0 vc_row container tm-bgimage-position-center_center\">\n\n\t\t\n\t <div class=\"vc_column-gap-default\"> \t\n\t\t\n\n<div class=\"wpb_column tm-column vc_column_container vc_col-sm-2 tm-zindex-0\">\n\t<div class=\"vc_column-inner\">\n\t\t\t\t<div class=\"wpb_wrapper\">\n\t\t\t\t\t<\/div>\n\t<\/div>\n<\/div>\n\n\n\n\n\n<div class=\"wpb_column tm-column vc_column_container vc_col-sm-9 tm-zindex-0\">\n\t<div class=\"vc_column-inner\">\n\t\t\t\t<div class=\"wpb_wrapper\">\n\t\t\t<div class=\"tm-element-heading-wrapper tm-heading-inner tm-element-align-left tm-seperator-none tm-heading-style-vertical\"><section class=\"tm-vc_cta3-container\"><div class=\"tm-vc_general tm-vc_cta3 tm-cta3-only tm-vc_cta3-style-classic tm-vc_cta3-shape-rounded tm-vc_cta3-align-left tm-vc_cta3-color-transparent tm-vc_cta3-icon-size-md tm-vc_cta3-actions-no tm-cta3-with-desc\"><div class=\"tm-vc_cta3_content-container\"><div class=\"tm-vc_cta3-content\"><header class=\"tm-vc_cta3-content-header tm-wrap\"><div class=\"tm-vc_cta3-headers tm-wrap-cell\"><h2 class=\"tm-custom-heading\" >\u00bfQui\u00e9nes Somos?<\/h2>\n<\/div><div class=\"heading-seperator\"><span><\/span><\/div><\/header><div class=\"tm-cta3-content-wrapper\"><p>Teknik Kola fue fundado en 1988 por Ramazan Alper. Sent\u00f3 las bases de la actual Granja T\u00fct\u00fcnc\u00fco\u011flu (Barrio Anadolu), que era el centro del textil en aquella \u00e9poca, realizando trabajos de urdimbre y encolado.<\/p><\/div><\/div><\/div><\/div><\/section><\/div> <!-- .tm-element-heading-wrapper container --> \n\t<div  class=\"wpb_single_image wpb_content_element vc_align_center\">\n\t\t\n\t\t<figure class=\"wpb_wrapper vc_figure\">\n\t\t\t<div class=\"vc_single_image-wrapper   vc_box_border_grey\"><img width=\"847\" height=\"540\" src=\"https:\/\/www.tkstekstil.com\/wp-content\/uploads\/2021\/10\/Ramazan-Alper.jpg\" class=\"vc_single_image-img attachment-large\" alt=\"\" loading=\"lazy\" srcset=\"https:\/\/www.tkstekstil.com\/wp-content\/uploads\/2021\/10\/Ramazan-Alper.jpg 1024w, https:\/\/www.tkstekstil.com\/wp-content\/uploads\/2021\/10\/Ramazan-Alper-300x191.jpg 300w, https:\/\/www.tkstekstil.com\/wp-content\/uploads\/2021\/10\/Ramazan-Alper-768x490.jpg 768w\" sizes=\"(max-width: 847px) 100vw, 847px\" data-id=\"2118\" \/><\/div>\n\t\t<\/figure>\n\t<\/div>\n\n<div class=\"tm-row-inner vc_row wpb_row vc_inner vc_row-fluid vc_custom_1635330721816 tm-zindex-0\">\n\t\n<div class=\"wpb_column tm-column-inner vc_column_container vc_col-sm-12 tm-zindex-0\">\n\t<div class=\"vc_column-inner\">\n\t\t \n\t\t<div class=\"wpb_wrapper\">\n\t\t\t\n\t<div class=\"wpb_text_column wpb_content_element  tm-highlight-quote\" >\n\t\t<div class=\"wpb_wrapper\">\n\t\t\t<blockquote>\n<p><strong>En 1990, Ramazan Alper llev\u00f3 a cabo el proyecto de producci\u00f3n de circuitos c\u00f3nicos acolchados fijos y dos encoladoras c\u00f3nicas<\/strong><\/p>\n<\/blockquote>\n\n\t\t<\/div>\n\t<\/div>\n\t\t<\/div>\n\t<\/div>\n<\/div>\n\n<\/div>\n\n<div class=\"vc_empty_space\"   style=\"height: 32px\"><span class=\"vc_empty_space_inner\"><\/span><\/div>\n\t<div class=\"wpb_text_column wpb_content_element\" >\n\t\t<div class=\"wpb_wrapper\">\n\t\t\t<h5>En 1995, dieciocho telares de marca Wamatex, dos encoladoras c\u00f3nicas de proyecto propio, circuitos acolchados fijos y un equipo de treinta personas funcionaban en una superficie de 1300 metros quadrados en el Barrio K\u00fc\u00e7\u00fck Bal\u0131kl\u0131 de la ciudad de Bursa.<\/h5>\n<h5>2021 y\u0131l\u0131 itibariyle Bursa Demirta\u015f Organize Sanayi B\u00f6lgesindeki ha\u015f\u0131l tesisimiz, 4 adet seri \u00e7\u00f6zg\u00fc, 8 adet ha\u015f\u0131l makinas\u0131, 10 bin metre karede 85 personel ile hizmet vermektedir.<\/h5>\n<h5><\/h5>\n\n\t\t<\/div>\n\t<\/div>\n\n\t<div class=\"wpb_text_column wpb_content_element\" >\n\t\t<div class=\"wpb_wrapper\">\n\t\t\t\n\t\t<\/div>\n\t<\/div>\n\t\t<\/div>\n\t<\/div>\n<\/div>\n\n\n\n\t\t\n\t <\/div> <\/div>\n\n\n\n\n\n\n\n\n\n\n\n<div data-vc-full-width=\"true\" data-vc-full-width-init=\"false\" class=\"tm-row wpb_row vc_row-fluid tm-custome-processbox-new-style tm-custome-about-new-style vc_custom_1726043361522 tm-responsive-custom-42472034 vc_column-gap-default tm-overlap-row tm-zindex-0 tm-bgcolor-grey tm-bgimage-position-center_center\">\n\n\t\t\n\t <div class=\"vc_row container vc_column-gap-default\"> \t\n\t\t\n\n<div class=\"wpb_column tm-column vc_column_container vc_col-sm-12 tm-zindex-0\">\n\t<div class=\"vc_column-inner\">\n\t\t\t\t<div class=\"wpb_wrapper\">\n\t\t\t<div class=\"vc_empty_space\"   style=\"height: 32px\"><span class=\"vc_empty_space_inner\"><\/span><\/div><div class=\"themetechmount-boxes themetechmount-boxes-service themetechmount-boxes-view-carousel themetechmount-boxes-col-three themetechmount-boxes-sortable-no themetechmount-boxes-textalign-center tm-cta3-rev-heading tm-boxes-carousel-arrow-round tm-boxes-carousel-arrows-hide\" data-tm-speed=\"1500\" data-tm-autoplay=\"0\" data-tm-autoplayspeed=\"4500\" data-tm-loop=\"1\" data-tm-dots=\"0\" data-tm-nav=\"hide\" data-tm-centermode=\"0\" data-tm-arrowtype=\"round\" data-tm-pauseonfocus=\"1\" data-tm-pauseonhover=\"1\" data-tm-slidestoscroll=\"1\" data-tm-effecttype=\"slide\">\n\t\t<div class=\"themetechmount-boxes-inner themetechmount-boxes-service-inner\"><div class=\"themetechmount-box-heading-wrapper tm-element-align-center\"><div class=\"tm-element-heading-wrapper tm-heading-inner tm-element-align-center tm-seperator-none tm-heading-style-vertical\"><section class=\"tm-vc_cta3-container\"><div class=\"tm-vc_general tm-vc_cta3 tm-cta3-only tm-vc_cta3-style-classic tm-vc_cta3-shape-rounded tm-vc_cta3-align-center tm-vc_cta3-color-transparent tm-vc_cta3-icon-size-md tm-vc_cta3-actions-no tm-cta3-without-desc\"><div class=\"tm-vc_cta3_content-container\"><div class=\"tm-vc_cta3-content\"><header class=\"tm-vc_cta3-content-header tm-wrap\"><div class=\"tm-vc_cta3-headers tm-wrap-cell\"><h2 class=\"tm-custom-heading\" >Producci\u00f3n en T.K.S.<\/h2>\n<\/div><div class=\"heading-seperator\"><span><\/span><\/div><\/header><\/div><\/div><\/div><\/section><\/div> <!-- .tm-element-heading-wrapper container --> <\/div> <!-- .tm-element-heading-wrapper container --> \n\t\t\t\t\n\t\t\t\t<div class=\"row multi-columns-row themetechmount-boxes-row-wrapper\">\n\t\t\t\t\t<div class=\"tm-box-col-wrapper col-lg-4 col-sm-6 col-md-4 col-xs-12\"><article class=\"themetechmount-box themetechmount-box-service themetechmount-servicebox-styletwo\">\n\t<div class=\"themetechmount-post-item\">\n\t\t<div class=\"themetechmount-box-bottom-content\">\t\n\t\t\t\t\t\t<div class=\"tm-servicebox-detials\">\n\t\t\t\t<div class=\"tm-box-header\">\n\t\t\t\t\t<div class=\"themetechmount-box-title\"><h4>Torsi\u00f3n<\/h4><\/div>\t\t\t\t\t<div class=\"tm-details-link\"><a href=\"https:\/\/www.tkstekstil.com\/es\/service\/bukum\/\"><i class=\"themifyicon ti-arrow-top-right\"><\/i><\/a><\/div>\n\t\t\t\t<\/div>\n\t\t\t\t<div class=\"themetechmount-box-desc\">\n\t\t\t\t\t\t\t\t\t<\/div> \n\t\t\t<\/div>\n\t\t<\/div>\n\t<\/div>\n<\/article><\/div><div class=\"tm-box-col-wrapper col-lg-4 col-sm-6 col-md-4 col-xs-12 printing\"><article class=\"themetechmount-box themetechmount-box-service themetechmount-servicebox-styletwo\">\n\t<div class=\"themetechmount-post-item\">\n\t\t<div class=\"themetechmount-box-bottom-content\">\t\n\t\t\t<div class=\"tm-featured-wrapper tm-tm_service-featured-wrapper\"><a href=\"https:\/\/www.tkstekstil.com\/es\/service\/cozgu\/\"><img width=\"768\" height=\"425\" src=\"https:\/\/www.tkstekstil.com\/wp-content\/uploads\/2021\/03\/IMG_0032-Kopya-1-768x425.jpg\" class=\"attachment-medium_large size-medium_large wp-post-image\" alt=\"\" loading=\"lazy\" srcset=\"https:\/\/www.tkstekstil.com\/wp-content\/uploads\/2021\/03\/IMG_0032-Kopya-1-768x425.jpg 768w, https:\/\/www.tkstekstil.com\/wp-content\/uploads\/2021\/03\/IMG_0032-Kopya-1-300x166.jpg 300w, https:\/\/www.tkstekstil.com\/wp-content\/uploads\/2021\/03\/IMG_0032-Kopya-1-1024x567.jpg 1024w, https:\/\/www.tkstekstil.com\/wp-content\/uploads\/2021\/03\/IMG_0032-Kopya-1.jpg 1080w\" sizes=\"(max-width: 768px) 100vw, 768px\" data-id=\"2072\" \/><\/a><\/div>\t\t\t<div class=\"tm-servicebox-detials\">\n\t\t\t\t<div class=\"tm-box-header\">\n\t\t\t\t\t<div class=\"themetechmount-box-title\"><h4>La urdimbre<\/h4><\/div>\t\t\t\t\t<div class=\"tm-details-link\"><a href=\"https:\/\/www.tkstekstil.com\/es\/service\/cozgu\/\"><i class=\"themifyicon ti-arrow-top-right\"><\/i><\/a><\/div>\n\t\t\t\t<\/div>\n\t\t\t\t<div class=\"themetechmount-box-desc\">\n\t\t\t\t\t\t\t\t\t\t\t<div class=\"tm-short-desc\">\n\t\t\t\t\t\t\tEn el proceso de la preparaci\u00f3n de la urdimbre en serie, los hilos procedentes de la fileta del urdidor se enrollan en el plegador de manera paralela. La cantidad de hilos de urdimbre enrollados encima del plegador es tanta como la capacidad de la fileta. Estos plegadores preparados se unen con el proceso de transferencia para alcanzar la cantidad necesaria por el tejido. Si se hace el encolado, los plegadores se unen mientras el proceso del mismo, montand\u00f3se directamente a la encoladora.\t\t\t\t\t\t<\/div>\n\t\t\t\t\t\t\t\t\t<\/div> \n\t\t\t<\/div>\n\t\t<\/div>\n\t<\/div>\n<\/article><\/div><div class=\"tm-box-col-wrapper col-lg-4 col-sm-6 col-md-4 col-xs-12 dyeing\"><article class=\"themetechmount-box themetechmount-box-service themetechmount-servicebox-styletwo\">\n\t<div class=\"themetechmount-post-item\">\n\t\t<div class=\"themetechmount-box-bottom-content\">\t\n\t\t\t<div class=\"tm-featured-wrapper tm-tm_service-featured-wrapper\"><a href=\"https:\/\/www.tkstekstil.com\/es\/service\/hasil\/\"><img width=\"768\" height=\"512\" src=\"https:\/\/www.tkstekstil.com\/wp-content\/uploads\/2021\/02\/Untitled-1-768x512.jpg\" class=\"attachment-medium_large size-medium_large wp-post-image\" alt=\"\" loading=\"lazy\" srcset=\"https:\/\/www.tkstekstil.com\/wp-content\/uploads\/2021\/02\/Untitled-1-768x512.jpg 768w, https:\/\/www.tkstekstil.com\/wp-content\/uploads\/2021\/02\/Untitled-1-300x200.jpg 300w, https:\/\/www.tkstekstil.com\/wp-content\/uploads\/2021\/02\/Untitled-1-1024x683.jpg 1024w, https:\/\/www.tkstekstil.com\/wp-content\/uploads\/2021\/02\/Untitled-1.jpg 1200w\" sizes=\"(max-width: 768px) 100vw, 768px\" data-id=\"1787\" \/><\/a><\/div>\t\t\t<div class=\"tm-servicebox-detials\">\n\t\t\t\t<div class=\"tm-box-header\">\n\t\t\t\t\t<div class=\"themetechmount-box-title\"><h4>El encolado<\/h4><\/div>\t\t\t\t\t<div class=\"tm-details-link\"><a href=\"https:\/\/www.tkstekstil.com\/es\/service\/hasil\/\"><i class=\"themifyicon ti-arrow-top-right\"><\/i><\/a><\/div>\n\t\t\t\t<\/div>\n\t\t\t\t<div class=\"themetechmount-box-desc\">\n\t\t\t\t\t\t\t\t\t\t\t<div class=\"tm-short-desc\">\n\t\t\t\t\t\t\tEs un l\u00edquido viscoso con propiedades adhesivas en diversas y adecuadas composiciones qu\u00edmicas, preparado para aumentar la durabilidad de los hilos de urdimbre que se van a utilizar en la tejedur\u00eda de encolado y para evitar la electricidad est\u00e1tica. Se trata de la formaci\u00f3n de una capa invisible que lubrica y refuerza los hilos de la urdimbre al hacerlos pasar por la esencia de encolado con el fin de proteger los hilos de la urdimbre de las fuerzas abrasivas que se producir\u00e1n durante la tejedur\u00eda. Adhiere las fibras de la superficie de los hilos de urdimbre al cuerpo del hilo. Tambi\u00e9n garantiza que los extremos de las fibras en los hilos permanezcan en el hilo.\t\t\t\t\t\t<\/div>\n\t\t\t\t\t\t\t\t\t<\/div> \n\t\t\t<\/div>\n\t\t<\/div>\n\t<\/div>\n<\/article><\/div>\n\t\t\t\t<\/div>\n\t\t\t<\/div><!-- .themetechmount-boxes-inner -->   <\/div><!-- .themetechmount-boxes -->  \t\t<\/div>\n\t<\/div>\n<\/div>\n\n\n\n\t\t\n\t <\/div> <\/div>\n\n\n<div class=\"vc_row-full-width vc_clearfix\"><\/div>\n\n\n\n\n\n\n\n\n<div class=\"tm-row wpb_row vc_row-fluid vc_column-gap-default tm-zindex-0 vc_row container tm-bgimage-position-center_center\">\n\n\t\t\n\t <div class=\"vc_column-gap-default\"> \t\n\t\t\n\n<div class=\"wpb_column tm-column vc_column_container vc_col-sm-12 tm-zindex-0\">\n\t<div class=\"vc_column-inner\">\n\t\t\t\t<div class=\"wpb_wrapper\">\n\t\t\t<div class=\"vc_empty_space\"   style=\"height: 32px\"><span class=\"vc_empty_space_inner\"><\/span><\/div>\t\t<\/div>\n\t<\/div>\n<\/div>\n\n\n\n\t\t\n\t <\/div> <\/div>","protected":false},"excerpt":{"rendered":"Ha\u015f\u0131l Nedir ? Ha\u015f\u0131l dokuma i\u015finde kullan\u0131lacak \u00e7\u00f6zg\u00fc ipliklerinin dayan\u0131kl\u0131l\u0131\u011f\u0131n\u0131 artt\u0131rmak, statik elektri\u011fi \u00f6nlemek i\u00e7in yap\u0131lan haz\u0131rlanan \u00e7e\u015fitli ve uygun kimyasal tertipte yap\u0131\u015ft\u0131r\u0131c\u0131 \u00f6zelli\u011fi bulunan viskoz bir s\u0131v\u0131d\u0131r. \u00c7\u00f6zg\u00fc ipliklerini dokuma s\u0131ras\u0131nda olu\u015facak y\u0131prat\u0131c\u0131 kuvvetlerden korumak i\u00e7in ipliklerin ha\u015f\u0131l maddesinden ge\u00e7irilerek g\u00f6r\u00fcnmez bir tabaka olu\u015fturmas\u0131, kayganla\u015ft\u0131r\u0131lmas\u0131 ve g\u00fc\u00e7lendirilmesidir. \u00c7\u00f6zg\u00fc ipliklerinin y\u00fczeyindeki lifleri iplik g\u00f6vdesine yap\u0131\u015ft\u0131r\u0131r. &hellip; <a href=\"https:\/\/www.tkstekstil.com\/es\/service\/hasil\/\" class=\"more-link\">Continue reading <span class=\"screen-reader-text\">El encolado<\/span><\/a>","protected":false},"author":1,"featured_media":0,"parent":0,"menu_order":0,"comment_status":"closed","ping_status":"closed","template":"","meta":[],"yoast_head":"<!-- This site is optimized with the Yoast SEO plugin v16.4 - https:\/\/yoast.com\/wordpress\/plugins\/seo\/ -->\n<title>Hakk\u0131m\u0131zda - Tks<\/title>\n<meta name=\"robots\" content=\"index, follow, max-snippet:-1, max-image-preview:large, max-video-preview:-1\" \/>\n<link rel=\"canonical\" href=\"https:\/\/www.tkstekstil.com\/es\/hakkimizda\/\" \/>\n<meta property=\"og:locale\" content=\"es_ES\" \/>\n<meta property=\"og:type\" content=\"article\" \/>\n<meta property=\"og:title\" content=\"Hakk\u0131m\u0131zda - Tks\" \/>\n<meta property=\"og:url\" content=\"https:\/\/www.tkstekstil.com\/es\/hakkimizda\/\" \/>\n<meta property=\"og:site_name\" content=\"Tks\" \/>\n<meta property=\"article:modified_time\" content=\"2024-09-11T08:31:24+00:00\" \/>\n<meta name=\"twitter:card\" content=\"summary_large_image\" \/>\n<meta name=\"twitter:label1\" content=\"Tiempo de lectura\" \/>\n\t<meta name=\"twitter:data1\" content=\"2 minutos\" \/>\n<script type=\"application\/ld+json\" class=\"yoast-schema-graph\">{\"@context\":\"https:\/\/schema.org\",\"@graph\":[{\"@type\":\"WebSite\",\"@id\":\"https:\/\/www.tkstekstil.com\/#website\",\"url\":\"https:\/\/www.tkstekstil.com\/\",\"name\":\"Tks\",\"description\":\"Teknik Kuma\\u015f Sanayi\",\"potentialAction\":[{\"@type\":\"SearchAction\",\"target\":\"https:\/\/www.tkstekstil.com\/?s={search_term_string}\",\"query-input\":\"required name=search_term_string\"}],\"inLanguage\":\"es\"},{\"@type\":\"WebPage\",\"@id\":\"https:\/\/www.tkstekstil.com\/hakkimizda\/#webpage\",\"url\":\"https:\/\/www.tkstekstil.com\/hakkimizda\/\",\"name\":\"Hakk\\u0131m\\u0131zda - Tks\",\"isPartOf\":{\"@id\":\"https:\/\/www.tkstekstil.com\/#website\"},\"datePublished\":\"2021-03-03T07:25:34+00:00\",\"dateModified\":\"2024-09-11T08:31:24+00:00\",\"breadcrumb\":{\"@id\":\"https:\/\/www.tkstekstil.com\/hakkimizda\/#breadcrumb\"},\"inLanguage\":\"es\",\"potentialAction\":[{\"@type\":\"ReadAction\",\"target\":[\"https:\/\/www.tkstekstil.com\/hakkimizda\/\"]}]},{\"@type\":\"BreadcrumbList\",\"@id\":\"https:\/\/www.tkstekstil.com\/hakkimizda\/#breadcrumb\",\"itemListElement\":[{\"@type\":\"ListItem\",\"position\":1,\"item\":{\"@type\":\"WebPage\",\"@id\":\"https:\/\/www.tkstekstil.com\/\",\"url\":\"https:\/\/www.tkstekstil.com\/\",\"name\":\"Anasayfa\"}},{\"@type\":\"ListItem\",\"position\":2,\"item\":{\"@id\":\"https:\/\/www.tkstekstil.com\/hakkimizda\/#webpage\"}}]}]}<\/script>\n<!-- \/ Yoast SEO plugin. -->","_links":{"self":[{"href":"https:\/\/www.tkstekstil.com\/es\/wp-json\/wp\/v2\/pages\/731"}],"collection":[{"href":"https:\/\/www.tkstekstil.com\/es\/wp-json\/wp\/v2\/pages"}],"about":[{"href":"https:\/\/www.tkstekstil.com\/es\/wp-json\/wp\/v2\/types\/page"}],"author":[{"embeddable":true,"href":"https:\/\/www.tkstekstil.com\/es\/wp-json\/wp\/v2\/users\/1"}],"replies":[{"embeddable":true,"href":"https:\/\/www.tkstekstil.com\/es\/wp-json\/wp\/v2\/comments?post=731"}],"version-history":[{"count":118,"href":"https:\/\/www.tkstekstil.com\/es\/wp-json\/wp\/v2\/pages\/731\/revisions"}],"predecessor-version":[{"id":3854,"href":"https:\/\/www.tkstekstil.com\/es\/wp-json\/wp\/v2\/pages\/731\/revisions\/3854"}],"wp:attachment":[{"href":"https:\/\/www.tkstekstil.com\/es\/wp-json\/wp\/v2\/media?parent=731"}],"curies":[{"name":"wp","href":"https:\/\/api.w.org\/{rel}","templated":true}]}}