{"id":1901,"date":"2021-08-24T10:43:48","date_gmt":"2021-08-24T07:43:48","guid":{"rendered":"http:\/\/tkstekstil.com\/demo\/?page_id=1901"},"modified":"2021-12-15T17:39:08","modified_gmt":"2021-12-15T14:39:08","slug":"cevre-politikasi","status":"publish","type":"page","link":"https:\/\/www.tkstekstil.com\/es\/cevre-politikasi\/","title":{"rendered":"Pol\u00edtica Medioambiental"},"content":{"rendered":"<div class=\"tm-row wpb_row vc_row-fluid vc_column-gap-default tm-zindex-0 vc_row container tm-bgimage-position-center_center\">\n\n\t\t\n\t <div class=\"vc_column-gap-default\"> \t\n\t\t\n\n<div class=\"wpb_column tm-column vc_column_container vc_col-sm-12 tm-zindex-0\">\n\t<div class=\"vc_column-inner\">\n\t\t\t\t<div class=\"wpb_wrapper\">\n\t\t\t\n\t<div class=\"wpb_text_column wpb_content_element\" >\n\t\t<div class=\"wpb_wrapper\">\n\t\t\t<p>Como T.K.S. Comercio de la Industria Textil S. L. adoptamos un enfoque basado en la mejora efectiva y continua en el desarrollo de nuestras actividades, cumpliendo todos los requisitos legales en el marco de la legislaci\u00f3n medioambiental y de nuestras normas y pr\u00e1cticas que hemos determinado en materia de medio ambiente.<\/p>\n<p>En este sentido,<\/p>\n<ul>\n<li>Nos comprometemos con cumplir con todas las obligaciones de la legislaci\u00f3n medioambiental a la que estamos sujetos debido a nuestras actividades,<\/li>\n<li>dar importancia al reciclaje, \nesforzarnos por minimizar la contaminaci\u00f3n que pueda surgir de nuestras actividades y a prevenirla en su origen,<\/li>\n<li>mejorar continuamente nuestra actuaci\u00f3n en materia de protecci\u00f3n medioambiental en el marco del principio de sostenibilidad,<\/li>\n<li>reducir nuestro consumo de recursos naturales garantizando el uso eficiente de la energ\u00eda, el agua y los materiales reciclados,<\/li>\n<li>continuar las tareas de concienciaci\u00f3n medioambiental para que nuestros empleados y subcontratistas act\u00faen con conciencia medioambiental en sus actividades,<\/li>\n<li>gestionar nuestros residuos y a garantizar su reciclaje de forma que no perjudique al medio ambiente.<\/li>\n<\/ul>\n<p>&nbsp;<\/p>\n<p><strong>\u00a0<\/strong><\/p>\n<p><strong>N\u00famero del Documento: \u00c7EP01 Fecha de Vigencia: 11\/05\/2021 N\u00famero de Revisi\u00f3n: 00\nFecha de Revisi\u00f3n: 24\/08\/2021<\/strong><\/p>\n\n\t\t<\/div>\n\t<\/div>\n\t\t<\/div>\n\t<\/div>\n<\/div>\n\n\n\n\t\t\n\t <\/div> <\/div>","protected":false},"excerpt":{"rendered":"TKS TEKN\u0130K KUMA\u015e SAN. ve T\u0130C. LTD .\u015eT\u0130. olarak faaliyetlerimizi y\u00fcr\u00fct\u00fcrken, \u00e7evre mevzuat\u0131 ve \u00e7evre ile ilgili belirledi\u011fimiz standartlar\u0131m\u0131z ve uygulamalar\u0131m\u0131z \u00e7er\u00e7evesinde t\u00fcm yasal gerekliliklere uyarak, etkin ve s\u00fcrekli iyile\u015ftirmeyi esas alan bir yakla\u015f\u0131m sergileriz. Bu kapsamda, Faaliyetlerimiz sebebiyle t\u00e2bi oldu\u011fumuz t\u00fcm \u00e7evre mevzuat\u0131 y\u00fck\u00fcml\u00fcl\u00fcklerine uyaca\u011f\u0131m\u0131z\u0131, Geri d\u00f6n\u00fc\u015f\u00fcme \u00f6nem verece\u011fimizi, faaliyetlerimizden kaynakl\u0131 olu\u015fabilecek kirlili\u011fi en &hellip; <a href=\"https:\/\/www.tkstekstil.com\/es\/cevre-politikasi\/\" class=\"more-link\">Continue reading <span class=\"screen-reader-text\">Pol\u00edtica Medioambiental<\/span><\/a>","protected":false},"author":1,"featured_media":0,"parent":0,"menu_order":0,"comment_status":"closed","ping_status":"closed","template":"","meta":[],"yoast_head":"<!-- This site is optimized with the Yoast SEO plugin v16.4 - https:\/\/yoast.com\/wordpress\/plugins\/seo\/ -->\n<title>\u00c7evre Politikas\u0131 - Tks<\/title>\n<meta name=\"robots\" content=\"index, follow, max-snippet:-1, max-image-preview:large, max-video-preview:-1\" \/>\n<link rel=\"canonical\" href=\"https:\/\/www.tkstekstil.com\/es\/cevre-politikasi\/\" \/>\n<meta property=\"og:locale\" content=\"es_ES\" \/>\n<meta property=\"og:type\" content=\"article\" \/>\n<meta property=\"og:title\" content=\"\u00c7evre Politikas\u0131 - Tks\" \/>\n<meta property=\"og:url\" content=\"https:\/\/www.tkstekstil.com\/es\/cevre-politikasi\/\" \/>\n<meta property=\"og:site_name\" content=\"Tks\" \/>\n<meta property=\"article:modified_time\" content=\"2021-12-15T14:39:08+00:00\" \/>\n<meta name=\"twitter:card\" content=\"summary_large_image\" \/>\n<meta name=\"twitter:label1\" content=\"Tiempo de lectura\" \/>\n\t<meta name=\"twitter:data1\" content=\"1 minuto\" \/>\n<script type=\"application\/ld+json\" class=\"yoast-schema-graph\">{\"@context\":\"https:\/\/schema.org\",\"@graph\":[{\"@type\":\"WebSite\",\"@id\":\"https:\/\/www.tkstekstil.com\/#website\",\"url\":\"https:\/\/www.tkstekstil.com\/\",\"name\":\"Tks\",\"description\":\"Teknik Kuma\\u015f Sanayi\",\"potentialAction\":[{\"@type\":\"SearchAction\",\"target\":\"https:\/\/www.tkstekstil.com\/?s={search_term_string}\",\"query-input\":\"required name=search_term_string\"}],\"inLanguage\":\"es\"},{\"@type\":\"WebPage\",\"@id\":\"https:\/\/www.tkstekstil.com\/cevre-politikasi\/#webpage\",\"url\":\"https:\/\/www.tkstekstil.com\/cevre-politikasi\/\",\"name\":\"\\u00c7evre Politikas\\u0131 - Tks\",\"isPartOf\":{\"@id\":\"https:\/\/www.tkstekstil.com\/#website\"},\"datePublished\":\"2021-08-24T07:43:48+00:00\",\"dateModified\":\"2021-12-15T14:39:08+00:00\",\"breadcrumb\":{\"@id\":\"https:\/\/www.tkstekstil.com\/cevre-politikasi\/#breadcrumb\"},\"inLanguage\":\"es\",\"potentialAction\":[{\"@type\":\"ReadAction\",\"target\":[\"https:\/\/www.tkstekstil.com\/cevre-politikasi\/\"]}]},{\"@type\":\"BreadcrumbList\",\"@id\":\"https:\/\/www.tkstekstil.com\/cevre-politikasi\/#breadcrumb\",\"itemListElement\":[{\"@type\":\"ListItem\",\"position\":1,\"item\":{\"@type\":\"WebPage\",\"@id\":\"https:\/\/www.tkstekstil.com\/\",\"url\":\"https:\/\/www.tkstekstil.com\/\",\"name\":\"Anasayfa\"}},{\"@type\":\"ListItem\",\"position\":2,\"item\":{\"@id\":\"https:\/\/www.tkstekstil.com\/cevre-politikasi\/#webpage\"}}]}]}<\/script>\n<!-- \/ Yoast SEO plugin. -->","_links":{"self":[{"href":"https:\/\/www.tkstekstil.com\/es\/wp-json\/wp\/v2\/pages\/1901"}],"collection":[{"href":"https:\/\/www.tkstekstil.com\/es\/wp-json\/wp\/v2\/pages"}],"about":[{"href":"https:\/\/www.tkstekstil.com\/es\/wp-json\/wp\/v2\/types\/page"}],"author":[{"embeddable":true,"href":"https:\/\/www.tkstekstil.com\/es\/wp-json\/wp\/v2\/users\/1"}],"replies":[{"embeddable":true,"href":"https:\/\/www.tkstekstil.com\/es\/wp-json\/wp\/v2\/comments?post=1901"}],"version-history":[{"count":6,"href":"https:\/\/www.tkstekstil.com\/es\/wp-json\/wp\/v2\/pages\/1901\/revisions"}],"predecessor-version":[{"id":2402,"href":"https:\/\/www.tkstekstil.com\/es\/wp-json\/wp\/v2\/pages\/1901\/revisions\/2402"}],"wp:attachment":[{"href":"https:\/\/www.tkstekstil.com\/es\/wp-json\/wp\/v2\/media?parent=1901"}],"curies":[{"name":"wp","href":"https:\/\/api.w.org\/{rel}","templated":true}]}}