{"id":1113,"date":"2021-03-10T09:13:59","date_gmt":"2021-03-10T09:13:59","guid":{"rendered":"https:\/\/themetechmount.com\/wordpress\/fablio\/?page_id=1113"},"modified":"2021-08-10T11:36:09","modified_gmt":"2021-08-10T08:36:09","slug":"duyurular","status":"publish","type":"page","link":"https:\/\/www.tkstekstil.com\/es\/duyurular\/","title":{"rendered":"ANUNCIOS"},"content":{"rendered":"<div class=\"tm-row wpb_row vc_row-fluid vc_custom_1615956422405 tm-responsive-custom-82351841 vc_column-gap-default tm-zindex-0 vc_row container tm-bgimage-position-center_center\">\n\n\t\t\n\t <div class=\"vc_column-gap-default\"> \t\n\t\t\n\n<div class=\"wpb_column tm-column vc_column_container vc_col-sm-12 tm-zindex-0\">\n\t<div class=\"vc_column-inner\">\n\t\t\t\t<div class=\"wpb_wrapper\">\n\t\t\t<div class=\"themetechmount-boxes themetechmount-boxes-blog themetechmount-boxes-view-default themetechmount-boxes-col-three themetechmount-boxes-sortable-no themetechmount-boxes-textalign-center tm-cta3-rev-heading\">\n\t\t<div class=\"themetechmount-boxes-inner themetechmount-boxes-blog-inner\">\n\t\t\t\t\n\t\t\t\t<div class=\"row multi-columns-row themetechmount-boxes-row-wrapper\">\n\t\t\t\t\t<div class=\"tm-box-col-wrapper col-lg-4 col-sm-6 col-md-4 col-xs-12 genel\"><article class=\"themetechmount-box themetechmount-box-blog themetechmount-blogbox-styleone themetechmount-blogbox-format-\">\n\t<div class=\"post-item\">\n\t\t<div class=\"themetechmount-box-content\">\t\t\n\t\t\t<div class=\"tm-featured-outer-wrapper tm-post-featured-outer-wrapper\">\n\t\t\t\t<div class=\"tm-featured-wrapper tm-post-featured-wrapper tm-post-format-\"><a href=\"https:\/\/www.tkstekstil.com\/es\/arama-kurtarma-ve-yangin-tatbikati\/\"><img width=\"600\" height=\"430\" src=\"https:\/\/www.tkstekstil.com\/wp-content\/uploads\/2021\/11\/IMG_0217-600x430.jpg\" class=\"attachment-themetechmount-img-blog-top size-themetechmount-img-blog-top wp-post-image\" alt=\"\" loading=\"lazy\" data-id=\"2313\" \/><\/a><\/div>\t\t\t<\/div>\t\t\n\t\t\t<div class=\"themetechmount-box-desc\">\n\t\t\t\t<div class=\"tm-box-post-date\">\n\t\t\t\t<div class=\"themetechmount-post-date-wrapper\"><div class=\"themetechmount-entry-date-wrapper\"><span class=\"themetechmount-entry-date\"><time class=\"entry-date\" datetime=\"2026-02-12T10:05:18+03:00\">12<span class=\"entry-month entry-year\">Feb<span class=\"entry-year\">2026<\/span><\/span><\/time><\/span><\/div><\/div>\t\t\t\t<\/div>\n\t\t\t\t<div class=\"entry-header\">\n\t\t\t\t\t<div class=\"tm-entry-meta-wrapper\"><div class=\"entry-meta tm-entry-meta tm-entry-meta-blogbox\"><span class=\"tm-meta-line posted-on\"><i class=\"fa fa-calendar\"><\/i> <span class=\"screen-reader-text tm-hide\">Posted on <\/span><a href=\"https:\/\/www.tkstekstil.com\/es\/arama-kurtarma-ve-yangin-tatbikati\/\" rel=\"bookmark\"><time class=\"entry-date published\" datetime=\"2026-02-12T10:05:18+03:00\">12 febrero 2026<\/time><time class=\"updated tm-hide\" datetime=\"2026-02-12T10:05:20+03:00\">12 febrero 2026<\/time><\/a><\/span><\/div><\/div>\t\t\t\t\t<div class=\"themetechmount-box-title\"><h4>Simulacro de B\u00fasqueda y Rescate y de Incendio<\/h4><\/div>\t\t\t\t\tT.K.S. Textil llev\u00f3 a cabo los simulacros de b\u00fasqueda y resc...\t\t\t\t\t\t\t\t\t<\/div>\t\t\t\t\t\t\n\t\t\t<\/div>\n        <\/div>\n\t<\/div>\n<\/article>\n<\/div><div class=\"tm-box-col-wrapper col-lg-4 col-sm-6 col-md-4 col-xs-12 genel\"><article class=\"themetechmount-box themetechmount-box-blog themetechmount-blogbox-styleone themetechmount-blogbox-format-\">\n\t<div class=\"post-item\">\n\t\t<div class=\"themetechmount-box-content\">\t\t\n\t\t\t<div class=\"tm-featured-outer-wrapper tm-post-featured-outer-wrapper\">\n\t\t\t\t<div class=\"tm-featured-wrapper tm-post-featured-wrapper tm-post-format-\"><a href=\"https:\/\/www.tkstekstil.com\/es\/sosyal-uyumluluk-yenileme-egitimlerimizi-tamamladik\/\"><img width=\"600\" height=\"430\" src=\"https:\/\/www.tkstekstil.com\/wp-content\/uploads\/2023\/02\/WhatsApp-Image-2023-01-25-at-13.56.21-600x430.jpeg\" class=\"attachment-themetechmount-img-blog-top size-themetechmount-img-blog-top wp-post-image\" alt=\"\" loading=\"lazy\" srcset=\"https:\/\/www.tkstekstil.com\/wp-content\/uploads\/2023\/02\/WhatsApp-Image-2023-01-25-at-13.56.21-600x430.jpeg 600w, https:\/\/www.tkstekstil.com\/wp-content\/uploads\/2023\/02\/WhatsApp-Image-2023-01-25-at-13.56.21-16x12.jpeg 16w\" sizes=\"(max-width: 600px) 100vw, 600px\" data-id=\"2872\" \/><\/a><\/div>\t\t\t<\/div>\t\t\n\t\t\t<div class=\"themetechmount-box-desc\">\n\t\t\t\t<div class=\"tm-box-post-date\">\n\t\t\t\t<div class=\"themetechmount-post-date-wrapper\"><div class=\"themetechmount-entry-date-wrapper\"><span class=\"themetechmount-entry-date\"><time class=\"entry-date\" datetime=\"2023-02-27T13:59:10+03:00\">27<span class=\"entry-month entry-year\">Feb<span class=\"entry-year\">2023<\/span><\/span><\/time><\/span><\/div><\/div>\t\t\t\t<\/div>\n\t\t\t\t<div class=\"entry-header\">\n\t\t\t\t\t<div class=\"tm-entry-meta-wrapper\"><div class=\"entry-meta tm-entry-meta tm-entry-meta-blogbox\"><span class=\"tm-meta-line posted-on\"><i class=\"fa fa-calendar\"><\/i> <span class=\"screen-reader-text tm-hide\">Posted on <\/span><a href=\"https:\/\/www.tkstekstil.com\/es\/sosyal-uyumluluk-yenileme-egitimlerimizi-tamamladik\/\" rel=\"bookmark\"><time class=\"entry-date published\" datetime=\"2023-02-27T13:59:10+03:00\">27 febrero 2023<\/time><time class=\"updated tm-hide\" datetime=\"2023-02-27T14:09:51+03:00\">27 febrero 2023<\/time><\/a><\/span><\/div><\/div>\t\t\t\t\t<div class=\"themetechmount-box-title\"><h4>Sosyal uyumluluk yenileme e\u011fitimlerimizi tamamlad\u0131k<\/h4><\/div>\t\t\t\t\tPersonellerimizin t\u00fcm yerel kanunlar, uluslaras\u0131 kanunlar i\u015f sa\u011fl\u0131\u011f\u0131...\t\t\t\t\t\t\t\t\t<\/div>\t\t\t\t\t\t\n\t\t\t<\/div>\n        <\/div>\n\t<\/div>\n<\/article>\n<\/div><div class=\"tm-box-col-wrapper col-lg-4 col-sm-6 col-md-4 col-xs-12 genel\"><article class=\"themetechmount-box themetechmount-box-blog themetechmount-blogbox-styleone themetechmount-blogbox-format-\">\n\t<div class=\"post-item\">\n\t\t<div class=\"themetechmount-box-content\">\t\t\n\t\t\t<div class=\"tm-featured-outer-wrapper tm-post-featured-outer-wrapper\">\n\t\t\t\t<div class=\"tm-featured-wrapper tm-post-featured-wrapper tm-post-format-\"><a href=\"https:\/\/www.tkstekstil.com\/es\/sosyal-tesislerimiz\/\"><img width=\"600\" height=\"430\" src=\"https:\/\/www.tkstekstil.com\/wp-content\/uploads\/2021\/11\/MG_1341-600x430.jpg\" class=\"attachment-themetechmount-img-blog-top size-themetechmount-img-blog-top wp-post-image\" alt=\"\" loading=\"lazy\" data-id=\"2161\" \/><\/a><\/div>\t\t\t<\/div>\t\t\n\t\t\t<div class=\"themetechmount-box-desc\">\n\t\t\t\t<div class=\"tm-box-post-date\">\n\t\t\t\t<div class=\"themetechmount-post-date-wrapper\"><div class=\"themetechmount-entry-date-wrapper\"><span class=\"themetechmount-entry-date\"><time class=\"entry-date\" datetime=\"2021-11-02T08:41:23+03:00\">2<span class=\"entry-month entry-year\">Nov<span class=\"entry-year\">2021<\/span><\/span><\/time><\/span><\/div><\/div>\t\t\t\t<\/div>\n\t\t\t\t<div class=\"entry-header\">\n\t\t\t\t\t<div class=\"tm-entry-meta-wrapper\"><div class=\"entry-meta tm-entry-meta tm-entry-meta-blogbox\"><span class=\"tm-meta-line posted-on\"><i class=\"fa fa-calendar\"><\/i> <span class=\"screen-reader-text tm-hide\">Posted on <\/span><a href=\"https:\/\/www.tkstekstil.com\/es\/sosyal-tesislerimiz\/\" rel=\"bookmark\"><time class=\"entry-date published\" datetime=\"2021-11-02T08:41:23+03:00\">2 noviembre 2021<\/time><time class=\"updated tm-hide\" datetime=\"2021-11-08T15:31:56+03:00\">8 noviembre 2021<\/time><\/a><\/span><\/div><\/div>\t\t\t\t\t<div class=\"themetechmount-box-title\"><h4>Nuestras Instalaciones Sociales<\/h4><\/div>\t\t\t\t\tProporcionamos comidas saludables a nuestro personal con las co...\t\t\t\t\t\t\t\t\t<\/div>\t\t\t\t\t\t\n\t\t\t<\/div>\n        <\/div>\n\t<\/div>\n<\/article>\n<\/div><div class=\"tm-box-col-wrapper col-lg-4 col-sm-6 col-md-4 col-xs-12 genel\"><article class=\"themetechmount-box themetechmount-box-blog themetechmount-blogbox-styleone themetechmount-blogbox-format-\">\n\t<div class=\"post-item\">\n\t\t<div class=\"themetechmount-box-content\">\t\t\n\t\t\t<div class=\"tm-featured-outer-wrapper tm-post-featured-outer-wrapper\">\n\t\t\t\t<div class=\"tm-featured-wrapper tm-post-featured-wrapper tm-post-format-\"><a href=\"https:\/\/www.tkstekstil.com\/es\/elektrikli-arac-sarj-istasyonlari\/\"><img width=\"600\" height=\"430\" src=\"https:\/\/www.tkstekstil.com\/wp-content\/uploads\/2021\/10\/jhvhgh-600x430.jpg\" class=\"attachment-themetechmount-img-blog-top size-themetechmount-img-blog-top wp-post-image\" alt=\"\" loading=\"lazy\" data-id=\"2015\" \/><\/a><\/div>\t\t\t<\/div>\t\t\n\t\t\t<div class=\"themetechmount-box-desc\">\n\t\t\t\t<div class=\"tm-box-post-date\">\n\t\t\t\t<div class=\"themetechmount-post-date-wrapper\"><div class=\"themetechmount-entry-date-wrapper\"><span class=\"themetechmount-entry-date\"><time class=\"entry-date\" datetime=\"2021-10-07T15:59:35+03:00\">7<span class=\"entry-month entry-year\">Oct<span class=\"entry-year\">2021<\/span><\/span><\/time><\/span><\/div><\/div>\t\t\t\t<\/div>\n\t\t\t\t<div class=\"entry-header\">\n\t\t\t\t\t<div class=\"tm-entry-meta-wrapper\"><div class=\"entry-meta tm-entry-meta tm-entry-meta-blogbox\"><span class=\"tm-meta-line posted-on\"><i class=\"fa fa-calendar\"><\/i> <span class=\"screen-reader-text tm-hide\">Posted on <\/span><a href=\"https:\/\/www.tkstekstil.com\/es\/elektrikli-arac-sarj-istasyonlari\/\" rel=\"bookmark\"><time class=\"entry-date published\" datetime=\"2021-10-07T15:59:35+03:00\">7 octubre 2021<\/time><time class=\"updated tm-hide\" datetime=\"2021-10-25T15:27:51+03:00\">25 octubre 2021<\/time><\/a><\/span><\/div><\/div>\t\t\t\t\t<div class=\"themetechmount-box-title\"><h4>Nuestras Estaciones de Carga Para Veh\u00edculos El\u00e9ctricos<\/h4><\/div>\t\t\t\t\tComo T.K.S. Comercio de la Industria Textil S. L. nuestras 3 estaciones de car...\t\t\t\t\t\t\t\t\t<\/div>\t\t\t\t\t\t\n\t\t\t<\/div>\n        <\/div>\n\t<\/div>\n<\/article>\n<\/div><div class=\"tm-box-col-wrapper col-lg-4 col-sm-6 col-md-4 col-xs-12 news-analysis\"><article class=\"themetechmount-box themetechmount-box-blog themetechmount-blogbox-styleone themetechmount-blogbox-format-\">\n\t<div class=\"post-item\">\n\t\t<div class=\"themetechmount-box-content\">\t\t\n\t\t\t<div class=\"tm-featured-outer-wrapper tm-post-featured-outer-wrapper\">\n\t\t\t\t<div class=\"tm-featured-wrapper tm-post-featured-wrapper tm-post-format-\"><a href=\"https:\/\/www.tkstekstil.com\/es\/hasilnedir\/\"><img width=\"600\" height=\"430\" src=\"https:\/\/www.tkstekstil.com\/wp-content\/uploads\/2021\/03\/Untitled-5-600x430.jpg\" class=\"attachment-themetechmount-img-blog-top size-themetechmount-img-blog-top wp-post-image\" alt=\"\" loading=\"lazy\" data-id=\"1792\" \/><\/a><\/div>\t\t\t<\/div>\t\t\n\t\t\t<div class=\"themetechmount-box-desc\">\n\t\t\t\t<div class=\"tm-box-post-date\">\n\t\t\t\t<div class=\"themetechmount-post-date-wrapper\"><div class=\"themetechmount-entry-date-wrapper\"><span class=\"themetechmount-entry-date\"><time class=\"entry-date\" datetime=\"2021-08-09T14:00:00+03:00\">9<span class=\"entry-month entry-year\">Ago<span class=\"entry-year\">2021<\/span><\/span><\/time><\/span><\/div><\/div>\t\t\t\t<\/div>\n\t\t\t\t<div class=\"entry-header\">\n\t\t\t\t\t<div class=\"tm-entry-meta-wrapper\"><div class=\"entry-meta tm-entry-meta tm-entry-meta-blogbox\"><span class=\"tm-meta-line posted-on\"><i class=\"fa fa-calendar\"><\/i> <span class=\"screen-reader-text tm-hide\">Posted on <\/span><a href=\"https:\/\/www.tkstekstil.com\/es\/hasilnedir\/\" rel=\"bookmark\"><time class=\"entry-date published\" datetime=\"2021-08-09T14:00:00+03:00\">9 agosto 2021<\/time><time class=\"updated tm-hide\" datetime=\"2021-10-06T10:01:05+03:00\">6 octubre 2021<\/time><\/a><\/span><\/div><\/div>\t\t\t\t\t<div class=\"themetechmount-box-title\"><h4>\u00bfQu\u00e9 es el encolado?<\/h4><\/div>\t\t\t\t\tEs un l\u00edquido viscoso con propiedades adhesivas en diversas y adecu...\t\t\t\t\t\t\t\t\t<\/div>\t\t\t\t\t\t\n\t\t\t<\/div>\n        <\/div>\n\t<\/div>\n<\/article>\n<\/div><div class=\"tm-box-col-wrapper col-lg-4 col-sm-6 col-md-4 col-xs-12 genel\"><article class=\"themetechmount-box themetechmount-box-blog themetechmount-blogbox-styleone themetechmount-blogbox-format-\">\n\t<div class=\"post-item\">\n\t\t<div class=\"themetechmount-box-content\">\t\t\n\t\t\t<div class=\"tm-featured-outer-wrapper tm-post-featured-outer-wrapper\">\n\t\t\t\t<div class=\"tm-featured-wrapper tm-post-featured-wrapper tm-post-format-\"><a href=\"https:\/\/www.tkstekstil.com\/es\/dokumanintarihcesi\/\"><img width=\"600\" height=\"430\" src=\"https:\/\/www.tkstekstil.com\/wp-content\/uploads\/2014\/12\/featured-dokumaciligintarihi-600x430.jpg\" class=\"attachment-themetechmount-img-blog-top size-themetechmount-img-blog-top wp-post-image\" alt=\"\" loading=\"lazy\" data-id=\"1838\" \/><\/a><\/div>\t\t\t<\/div>\t\t\n\t\t\t<div class=\"themetechmount-box-desc\">\n\t\t\t\t<div class=\"tm-box-post-date\">\n\t\t\t\t<div class=\"themetechmount-post-date-wrapper\"><div class=\"themetechmount-entry-date-wrapper\"><span class=\"themetechmount-entry-date\"><time class=\"entry-date\" datetime=\"2021-08-09T13:00:00+03:00\">9<span class=\"entry-month entry-year\">Ago<span class=\"entry-year\">2021<\/span><\/span><\/time><\/span><\/div><\/div>\t\t\t\t<\/div>\n\t\t\t\t<div class=\"entry-header\">\n\t\t\t\t\t<div class=\"tm-entry-meta-wrapper\"><div class=\"entry-meta tm-entry-meta tm-entry-meta-blogbox\"><span class=\"tm-meta-line posted-on\"><i class=\"fa fa-calendar\"><\/i> <span class=\"screen-reader-text tm-hide\">Posted on <\/span><a href=\"https:\/\/www.tkstekstil.com\/es\/dokumanintarihcesi\/\" rel=\"bookmark\"><time class=\"entry-date published\" datetime=\"2021-08-09T13:00:00+03:00\">9 agosto 2021<\/time><time class=\"updated tm-hide\" datetime=\"2021-08-09T15:33:25+03:00\">9 agosto 2021<\/time><\/a><\/span><\/div><\/div>\t\t\t\t\t<div class=\"themetechmount-box-title\"><h4>Historia de la Tejedur\u00eda<\/h4><\/div>\t\t\t\t\tLa historia de las telas tejidas demuestra la presencia de hallazg...\t\t\t\t\t\t\t\t\t<\/div>\t\t\t\t\t\t\n\t\t\t<\/div>\n        <\/div>\n\t<\/div>\n<\/article>\n<\/div>\n\t\t\t\t<\/div>\n\t\t\t<div class=\"clearfix\"><\/div><\/div><!-- .themetechmount-boxes-inner -->   <\/div><!-- .themetechmount-boxes -->  \t\t<\/div>\n\t<\/div>\n<\/div>\n\n\n\n\t\t\n\t <\/div> <\/div>","protected":false},"excerpt":{"rendered":"Dokunmu\u015f kuma\u015flar\u0131n tarih\u00e7esi M.\u00d6. 6500 y\u0131l\u0131nda kullan\u0131ld\u0131\u011f\u0131na dair arkeolojik bulgular\u0131n mevcut olmas\u0131 , iki iplik sistemiyle tekstil y\u00fczeyi olu\u015fturma metodu olan dokumac\u0131l\u0131\u011f\u0131n g\u00fcn\u00fcm\u00fczden en az 8000 y\u0131l kadar \u00f6nceleri de bilindi\u011fini ortaya koymaktad\u0131r. Neolitik ta\u015f devrine ait olan ve karbonla\u015fm\u0131\u015f halde bulunan bu eski dokuma kuma\u015flara yurdumuzda yap\u0131lan kaz\u0131larda da rastlanm\u0131\u015ft\u0131r. Bug\u00fcn bildi\u011fimiz dokuma formundan &hellip; <a href=\"https:\/\/www.tkstekstil.com\/es\/dokumanintarihcesi\/\" class=\"more-link\">Continue reading <span class=\"screen-reader-text\">Historia de la Tejedur\u00eda<\/span><\/a>","protected":false},"author":1,"featured_media":0,"parent":0,"menu_order":0,"comment_status":"closed","ping_status":"closed","template":"","meta":[],"yoast_head":"<!-- This site is optimized with the Yoast SEO plugin v16.4 - https:\/\/yoast.com\/wordpress\/plugins\/seo\/ -->\n<title>Duyurular - Tks<\/title>\n<meta name=\"robots\" content=\"index, follow, max-snippet:-1, max-image-preview:large, max-video-preview:-1\" \/>\n<link rel=\"canonical\" href=\"https:\/\/www.tkstekstil.com\/es\/duyurular\/\" \/>\n<meta property=\"og:locale\" content=\"es_ES\" \/>\n<meta property=\"og:type\" content=\"article\" \/>\n<meta property=\"og:title\" content=\"Duyurular - Tks\" \/>\n<meta property=\"og:url\" content=\"https:\/\/www.tkstekstil.com\/es\/duyurular\/\" \/>\n<meta property=\"og:site_name\" content=\"Tks\" \/>\n<meta property=\"article:modified_time\" content=\"2021-08-10T08:36:09+00:00\" \/>\n<meta name=\"twitter:card\" content=\"summary_large_image\" \/>\n<script type=\"application\/ld+json\" class=\"yoast-schema-graph\">{\"@context\":\"https:\/\/schema.org\",\"@graph\":[{\"@type\":\"WebSite\",\"@id\":\"https:\/\/www.tkstekstil.com\/#website\",\"url\":\"https:\/\/www.tkstekstil.com\/\",\"name\":\"Tks\",\"description\":\"Teknik Kuma\\u015f Sanayi\",\"potentialAction\":[{\"@type\":\"SearchAction\",\"target\":\"https:\/\/www.tkstekstil.com\/?s={search_term_string}\",\"query-input\":\"required name=search_term_string\"}],\"inLanguage\":\"es\"},{\"@type\":\"WebPage\",\"@id\":\"https:\/\/www.tkstekstil.com\/duyurular\/#webpage\",\"url\":\"https:\/\/www.tkstekstil.com\/duyurular\/\",\"name\":\"Duyurular - Tks\",\"isPartOf\":{\"@id\":\"https:\/\/www.tkstekstil.com\/#website\"},\"datePublished\":\"2021-03-10T09:13:59+00:00\",\"dateModified\":\"2021-08-10T08:36:09+00:00\",\"breadcrumb\":{\"@id\":\"https:\/\/www.tkstekstil.com\/duyurular\/#breadcrumb\"},\"inLanguage\":\"es\",\"potentialAction\":[{\"@type\":\"ReadAction\",\"target\":[\"https:\/\/www.tkstekstil.com\/duyurular\/\"]}]},{\"@type\":\"BreadcrumbList\",\"@id\":\"https:\/\/www.tkstekstil.com\/duyurular\/#breadcrumb\",\"itemListElement\":[{\"@type\":\"ListItem\",\"position\":1,\"item\":{\"@type\":\"WebPage\",\"@id\":\"https:\/\/www.tkstekstil.com\/\",\"url\":\"https:\/\/www.tkstekstil.com\/\",\"name\":\"Anasayfa\"}},{\"@type\":\"ListItem\",\"position\":2,\"item\":{\"@id\":\"https:\/\/www.tkstekstil.com\/duyurular\/#webpage\"}}]}]}<\/script>\n<!-- \/ Yoast SEO plugin. -->","_links":{"self":[{"href":"https:\/\/www.tkstekstil.com\/es\/wp-json\/wp\/v2\/pages\/1113"}],"collection":[{"href":"https:\/\/www.tkstekstil.com\/es\/wp-json\/wp\/v2\/pages"}],"about":[{"href":"https:\/\/www.tkstekstil.com\/es\/wp-json\/wp\/v2\/types\/page"}],"author":[{"embeddable":true,"href":"https:\/\/www.tkstekstil.com\/es\/wp-json\/wp\/v2\/users\/1"}],"replies":[{"embeddable":true,"href":"https:\/\/www.tkstekstil.com\/es\/wp-json\/wp\/v2\/comments?post=1113"}],"version-history":[{"count":1,"href":"https:\/\/www.tkstekstil.com\/es\/wp-json\/wp\/v2\/pages\/1113\/revisions"}],"predecessor-version":[{"id":1864,"href":"https:\/\/www.tkstekstil.com\/es\/wp-json\/wp\/v2\/pages\/1113\/revisions\/1864"}],"wp:attachment":[{"href":"https:\/\/www.tkstekstil.com\/es\/wp-json\/wp\/v2\/media?parent=1113"}],"curies":[{"name":"wp","href":"https:\/\/api.w.org\/{rel}","templated":true}]}}