{"id":1900,"date":"2021-08-24T10:43:48","date_gmt":"2021-08-24T07:43:48","guid":{"rendered":"http:\/\/tkstekstil.com\/demo\/?page_id=1900"},"modified":"2021-12-15T13:23:56","modified_gmt":"2021-12-15T10:23:56","slug":"is-deklorasyonu","status":"publish","type":"page","link":"https:\/\/www.tkstekstil.com\/en\/is-deklorasyonu\/","title":{"rendered":"Business Declaration"},"content":{"rendered":"<div class=\"tm-row wpb_row vc_row-fluid vc_column-gap-default tm-zindex-0 vc_row container tm-bgimage-position-center_center\">\n\n\t\t\n\t <div class=\"vc_column-gap-default\"> \t\n\t\t\n\n<div class=\"wpb_column tm-column vc_column_container vc_col-sm-12 tm-zindex-0\">\n\t<div class=\"vc_column-inner\">\n\t\t\t\t<div class=\"wpb_wrapper\">\n\t\t\t\n\t<div class=\"wpb_text_column wpb_content_element\" >\n\t\t<div class=\"wpb_wrapper\">\n\t\t\t<p>We are committed to;<\/p>\n<p>*Have ethical attitude, act with honesty and fairness, and prevent corruption,<\/p>\n<p>*Comply with the relevant OECD principles,<\/p>\n<p>*Reject any form of corruption, racketeering, abuse, or any other activity (including but not limited to promises, offers, gifts, inappropriate money, or other incentives),<\/p>\n<p>*Share accurate information on the structure and performance of our activities, disclose as much as required under the relevant regulations and industry practices,<\/p>\n<p>*Protect and process the personal data of the employees, business partners, customers, as well as their respective consumers with due diligence and reasonable care,<\/p>\n<p>*Comply with the applicable privacy and information security laws and legislation regulating the collection, use and processing of personal data,<\/p>\n<p>*Establish an anonymous, non-discriminatory information sharing mechanism to grant easy access to informants, and take effective measures to protect them by ensuring that any corruption-related information and non-compliance will be closely monitored and necessary actions will be taken,<\/p>\n<p>*Offer professional trainings on honesty regulations and provide information on non-compliance sanctions.<\/p>\n<p>&nbsp;<\/p>\n<p>&nbsp;<\/p>\n<p>&nbsp;<\/p>\n<p><strong>\u00a0<\/strong><\/p>\n<p><strong>Doc. No: E\u0130D01 Effective Date: 11\/05\/2021   Rev. No: 00 Rev. Date: 24\/08\/2021<\/strong><\/p>\n\n\t\t<\/div>\n\t<\/div>\n\t\t<\/div>\n\t<\/div>\n<\/div>\n\n\n\n\t\t\n\t <\/div> <\/div>","protected":false},"excerpt":{"rendered":"A\u015fa\u011f\u0131dakileri taahh\u00fct ederiz ; *Etik tutum ,d\u00fcr\u00fcstl\u00fck ,adil i\u015f yapma ve yolsuzlu\u011fun \u00f6nlenmesini, *\u0130lgili OECD ilkelerine uyum g\u00fcvencesi vermeyi, *Herhangi bir yolsuzluk \u015fantaj, suistimal ya da (uygunsuz para ya da di\u011fer te\u015fvik s\u00f6z\u00fc ,teklifi ,verilmesi ya da kabul\u00fcyle s\u0131n\u0131rl\u0131 olmamak \u00fczere )herhangi bir olaya kar\u0131\u015fmamay\u0131, *Faaliyetlerimizde yap\u0131 ve performans konusunda do\u011fru bilgi payla\u015f\u0131m\u0131 ve ilgili &hellip; <a href=\"https:\/\/www.tkstekstil.com\/en\/is-deklorasyonu\/\" class=\"more-link\">Continue reading <span class=\"screen-reader-text\">Business Declaration<\/span><\/a>","protected":false},"author":1,"featured_media":0,"parent":0,"menu_order":0,"comment_status":"closed","ping_status":"closed","template":"","meta":[],"yoast_head":"<!-- This site is optimized with the Yoast SEO plugin v16.4 - https:\/\/yoast.com\/wordpress\/plugins\/seo\/ -->\n<title>\u0130\u015f Deklorasyonu - Tks<\/title>\n<meta name=\"robots\" content=\"index, follow, max-snippet:-1, max-image-preview:large, max-video-preview:-1\" \/>\n<link rel=\"canonical\" href=\"https:\/\/www.tkstekstil.com\/en\/is-deklorasyonu\/\" \/>\n<meta property=\"og:locale\" content=\"en_US\" \/>\n<meta property=\"og:type\" content=\"article\" \/>\n<meta property=\"og:title\" content=\"\u0130\u015f Deklorasyonu - Tks\" \/>\n<meta property=\"og:url\" content=\"https:\/\/www.tkstekstil.com\/en\/is-deklorasyonu\/\" \/>\n<meta property=\"og:site_name\" content=\"Tks\" \/>\n<meta property=\"article:modified_time\" content=\"2021-12-15T10:23:56+00:00\" \/>\n<meta name=\"twitter:card\" content=\"summary_large_image\" \/>\n<meta name=\"twitter:label1\" content=\"Est. reading time\" \/>\n\t<meta name=\"twitter:data1\" content=\"1 minute\" \/>\n<script type=\"application\/ld+json\" class=\"yoast-schema-graph\">{\"@context\":\"https:\/\/schema.org\",\"@graph\":[{\"@type\":\"WebSite\",\"@id\":\"https:\/\/www.tkstekstil.com\/#website\",\"url\":\"https:\/\/www.tkstekstil.com\/\",\"name\":\"Tks\",\"description\":\"Teknik Kuma\\u015f Sanayi\",\"potentialAction\":[{\"@type\":\"SearchAction\",\"target\":\"https:\/\/www.tkstekstil.com\/?s={search_term_string}\",\"query-input\":\"required name=search_term_string\"}],\"inLanguage\":\"en-US\"},{\"@type\":\"WebPage\",\"@id\":\"https:\/\/www.tkstekstil.com\/is-deklorasyonu\/#webpage\",\"url\":\"https:\/\/www.tkstekstil.com\/is-deklorasyonu\/\",\"name\":\"\\u0130\\u015f Deklorasyonu - Tks\",\"isPartOf\":{\"@id\":\"https:\/\/www.tkstekstil.com\/#website\"},\"datePublished\":\"2021-08-24T07:43:48+00:00\",\"dateModified\":\"2021-12-15T10:23:56+00:00\",\"breadcrumb\":{\"@id\":\"https:\/\/www.tkstekstil.com\/is-deklorasyonu\/#breadcrumb\"},\"inLanguage\":\"en-US\",\"potentialAction\":[{\"@type\":\"ReadAction\",\"target\":[\"https:\/\/www.tkstekstil.com\/is-deklorasyonu\/\"]}]},{\"@type\":\"BreadcrumbList\",\"@id\":\"https:\/\/www.tkstekstil.com\/is-deklorasyonu\/#breadcrumb\",\"itemListElement\":[{\"@type\":\"ListItem\",\"position\":1,\"item\":{\"@type\":\"WebPage\",\"@id\":\"https:\/\/www.tkstekstil.com\/\",\"url\":\"https:\/\/www.tkstekstil.com\/\",\"name\":\"Anasayfa\"}},{\"@type\":\"ListItem\",\"position\":2,\"item\":{\"@id\":\"https:\/\/www.tkstekstil.com\/is-deklorasyonu\/#webpage\"}}]}]}<\/script>\n<!-- \/ Yoast SEO plugin. -->","_links":{"self":[{"href":"https:\/\/www.tkstekstil.com\/en\/wp-json\/wp\/v2\/pages\/1900"}],"collection":[{"href":"https:\/\/www.tkstekstil.com\/en\/wp-json\/wp\/v2\/pages"}],"about":[{"href":"https:\/\/www.tkstekstil.com\/en\/wp-json\/wp\/v2\/types\/page"}],"author":[{"embeddable":true,"href":"https:\/\/www.tkstekstil.com\/en\/wp-json\/wp\/v2\/users\/1"}],"replies":[{"embeddable":true,"href":"https:\/\/www.tkstekstil.com\/en\/wp-json\/wp\/v2\/comments?post=1900"}],"version-history":[{"count":3,"href":"https:\/\/www.tkstekstil.com\/en\/wp-json\/wp\/v2\/pages\/1900\/revisions"}],"predecessor-version":[{"id":2393,"href":"https:\/\/www.tkstekstil.com\/en\/wp-json\/wp\/v2\/pages\/1900\/revisions\/2393"}],"wp:attachment":[{"href":"https:\/\/www.tkstekstil.com\/en\/wp-json\/wp\/v2\/media?parent=1900"}],"curies":[{"name":"wp","href":"https:\/\/api.w.org\/{rel}","templated":true}]}}